{"id":4449,"date":"2020-07-30T19:39:36","date_gmt":"2020-07-30T19:39:36","guid":{"rendered":"http:\/\/crustacea.org.br\/?page_id=4449"},"modified":"2020-08-31T12:36:23","modified_gmt":"2020-08-31T12:36:23","slug":"vii-cbc","status":"publish","type":"page","link":"https:\/\/crustacea.org.br\/pt\/society\/events\/vii-cbc\/","title":{"rendered":"VII CBC"},"content":{"rendered":"<div data-elementor-type=\"wp-page\" data-elementor-id=\"4449\" class=\"elementor elementor-4449\" data-elementor-settings=\"[]\">\n\t\t\t\t\t\t<div class=\"elementor-inner\">\n\t\t\t\t\t\t\t<div class=\"elementor-section-wrap\">\n\t\t\t\t\t\t\t<section class=\"elementor-section elementor-top-section elementor-element elementor-element-3f0adbed elementor-section-content-middle elementor-section-boxed elementor-section-height-default elementor-section-height-default\" data-id=\"3f0adbed\" data-element_type=\"section\" data-settings=\"{&quot;background_background&quot;:&quot;classic&quot;}\">\n\t\t\t\t\t\t<div class=\"elementor-container elementor-column-gap-wide\">\n\t\t\t\t\t\t\t<div class=\"elementor-row\">\n\t\t\t\t\t<div class=\"elementor-column elementor-col-100 elementor-top-column elementor-element elementor-element-188430b1\" data-id=\"188430b1\" data-element_type=\"column\">\n\t\t\t<div class=\"elementor-column-wrap elementor-element-populated\">\n\t\t\t\t\t\t\t<div class=\"elementor-widget-wrap\">\n\t\t\t\t\t\t<section class=\"elementor-section elementor-inner-section elementor-element elementor-element-26bcf1e2 elementor-section-boxed elementor-section-height-default elementor-section-height-default elementor-invisible\" data-id=\"26bcf1e2\" data-element_type=\"section\" data-settings=\"{&quot;animation&quot;:&quot;fadeInUp&quot;}\">\n\t\t\t\t\t\t<div class=\"elementor-container elementor-column-gap-default\">\n\t\t\t\t\t\t\t<div class=\"elementor-row\">\n\t\t\t\t\t<div class=\"elementor-column elementor-col-100 elementor-inner-column elementor-element elementor-element-74296443\" data-id=\"74296443\" data-element_type=\"column\">\n\t\t\t<div class=\"elementor-column-wrap elementor-element-populated\">\n\t\t\t\t\t\t\t<div class=\"elementor-widget-wrap\">\n\t\t\t\t\t\t<div class=\"elementor-element elementor-element-2feb2e6b elementor-widget elementor-widget-heading\" data-id=\"2feb2e6b\" data-element_type=\"widget\" data-widget_type=\"heading.default\">\n\t\t\t\t<div class=\"elementor-widget-container\">\n\t\t\t<p class=\"elementor-heading-title elementor-size-default\">VII CBC<\/p>\t\t<\/div>\n\t\t\t\t<\/div>\n\t\t\t\t<div class=\"elementor-element elementor-element-e03566f elementor-button-info elementor-align-center elementor-widget elementor-widget-button\" data-id=\"e03566f\" data-element_type=\"widget\" data-widget_type=\"button.default\">\n\t\t\t\t<div class=\"elementor-widget-container\">\n\t\t\t\t\t<div class=\"elementor-button-wrapper\">\n\t\t\t<a class=\"elementor-button elementor-size-sm\" role=\"button\">\n\t\t\t\t\t\t<span class=\"elementor-button-content-wrapper\">\n\t\t\t\t\t\t<span class=\"elementor-button-text\">11 a 14 de novembro de 2012 \u2013 Bel\u00e9m, PA<\/span>\n\t\t<\/span>\n\t\t\t\t\t<\/a>\n\t\t<\/div>\n\t\t\t\t<\/div>\n\t\t\t\t<\/div>\n\t\t\t\t\t\t<\/div>\n\t\t\t\t\t<\/div>\n\t\t<\/div>\n\t\t\t\t\t\t\t\t<\/div>\n\t\t\t\t\t<\/div>\n\t\t<\/section>\n\t\t\t\t<div class=\"elementor-element elementor-element-28a9982 elementor-arrows-position-inside elementor-pagination-position-outside elementor-widget elementor-widget-image-carousel\" data-id=\"28a9982\" data-element_type=\"widget\" data-settings=\"{&quot;slides_to_show&quot;:&quot;3&quot;,&quot;navigation&quot;:&quot;both&quot;,&quot;autoplay&quot;:&quot;yes&quot;,&quot;pause_on_hover&quot;:&quot;yes&quot;,&quot;pause_on_interaction&quot;:&quot;yes&quot;,&quot;autoplay_speed&quot;:5000,&quot;infinite&quot;:&quot;yes&quot;,&quot;speed&quot;:500}\" data-widget_type=\"image-carousel.default\">\n\t\t\t\t<div class=\"elementor-widget-container\">\n\t\t\t\t\t<div class=\"elementor-image-carousel-wrapper swiper-container\" dir=\"ltr\">\n\t\t\t<div class=\"elementor-image-carousel swiper-wrapper\">\n\t\t\t\t\t\t\t\t<div class=\"swiper-slide\"><figure class=\"swiper-slide-inner\"><img decoding=\"async\" class=\"swiper-slide-image\" src=\"https:\/\/crustacea.org.br\/wp-content\/uploads\/2020\/07\/Congresso-Brasileiro-Sobre-Crust\u00e1ceos-VII-1.jpg\" alt=\"Congresso Brasileiro Sobre Crust\u00e1ceos VII\" \/><\/figure><\/div><div class=\"swiper-slide\"><figure class=\"swiper-slide-inner\"><img decoding=\"async\" class=\"swiper-slide-image\" src=\"https:\/\/crustacea.org.br\/wp-content\/uploads\/2020\/07\/Congresso-Brasileiro-Sobre-Crust\u00e1ceos-VII-1-1.jpg\" alt=\"Recep\u00e7\u00e3o\" \/><\/figure><\/div><div class=\"swiper-slide\"><figure class=\"swiper-slide-inner\"><img decoding=\"async\" class=\"swiper-slide-image\" src=\"https:\/\/crustacea.org.br\/wp-content\/uploads\/2020\/07\/Congresso-Brasileiro-Sobre-Crust\u00e1ceos-VII-2.jpg\" alt=\"Abertura\" \/><\/figure><\/div><div class=\"swiper-slide\"><figure class=\"swiper-slide-inner\"><img decoding=\"async\" class=\"swiper-slide-image\" src=\"https:\/\/crustacea.org.br\/wp-content\/uploads\/2020\/07\/Congresso-Brasileiro-Sobre-Crust\u00e1ceos-VII-3.jpg\" alt=\"Palestra Dr. Richard Hartnoll\" \/><\/figure><\/div><div class=\"swiper-slide\"><figure class=\"swiper-slide-inner\"><img decoding=\"async\" class=\"swiper-slide-image\" src=\"https:\/\/crustacea.org.br\/wp-content\/uploads\/2020\/07\/Congresso-Brasileiro-Sobre-Crust\u00e1ceos-VII-4.jpg\" alt=\"Apresenta\u00e7\u00e3o de Posteres\" \/><\/figure><\/div>\t\t\t<\/div>\n\t\t\t\t\t\t\t\t\t\t\t\t<div class=\"swiper-pagination\"><\/div>\n\t\t\t\t\t\t\t\t\t\t\t\t\t<div class=\"elementor-swiper-button elementor-swiper-button-prev\">\n\t\t\t\t\t\t<i aria-hidden=\"true\" class=\"eicon-chevron-left\"><\/i>\t\t\t\t\t\t<span class=\"elementor-screen-only\">Anterior<\/span>\n\t\t\t\t\t<\/div>\n\t\t\t\t\t<div class=\"elementor-swiper-button elementor-swiper-button-next\">\n\t\t\t\t\t\t<i aria-hidden=\"true\" class=\"eicon-chevron-right\"><\/i>\t\t\t\t\t\t<span class=\"elementor-screen-only\">Pr\u00f3ximo<\/span>\n\t\t\t\t\t<\/div>\n\t\t\t\t\t\t\t\t\t<\/div>\n\t\t\t\t<\/div>\n\t\t\t\t<\/div>\n\t\t\t\t<section class=\"elementor-section elementor-inner-section elementor-element elementor-element-82b3625 elementor-section-boxed elementor-section-height-default elementor-section-height-default\" data-id=\"82b3625\" data-element_type=\"section\">\n\t\t\t\t\t\t<div class=\"elementor-container elementor-column-gap-default\">\n\t\t\t\t\t\t\t<div class=\"elementor-row\">\n\t\t\t\t\t<div class=\"elementor-column elementor-col-50 elementor-inner-column elementor-element elementor-element-6a7b4e4\" data-id=\"6a7b4e4\" data-element_type=\"column\">\n\t\t\t<div class=\"elementor-column-wrap elementor-element-populated\">\n\t\t\t\t\t\t\t<div class=\"elementor-widget-wrap\">\n\t\t\t\t\t\t<div class=\"elementor-element elementor-element-9610def elementor-widget elementor-widget-text-editor\" data-id=\"9610def\" data-element_type=\"widget\" data-widget_type=\"text-editor.default\">\n\t\t\t\t<div class=\"elementor-widget-container\">\n\t\t\t\t\t\t\t\t<div class=\"elementor-text-editor elementor-clearfix\">\n\t\t\t\t<p><strong>Presidency Board<br \/><\/strong>Cl\u00e9verson Ranni\u00e9ri Meira dos Santos (MPEG, Bel\u00e9m) \u2013 President<br \/>James T. Lee (UFPA, Bel\u00e9m) \u2013 Vice President<\/p><p><strong>Secretary<\/strong><br \/>Andr\u00e9ia Barbosa das Nevis (UFPA, Bel\u00e9m)<br \/>Danielly Brito de Oliveira (UFPA, Bragan\u00e7a)<br \/>Renata da Costa e Silva Crespim (UFPA, Bel\u00e9m)<\/p><p><strong>Finance Committee<\/strong><br \/>Cl\u00e9verson Ranni\u00e9ri Meira dos Santos (MPEG, Bel\u00e9m)<br \/>Valdimere Ferreira (UFPA, Bel\u00e9m)<\/p><p><strong>Scientific Commission<\/strong><br \/>C\u00e9lio Ubirajara Magalh\u00e3es Filho (INPA, Manaus) \u2013 Coordenador<br \/>Bianca Bentes da Silva (UFPA, Bragan\u00e7a)<br \/>Cl\u00e9verson Rannieri Meira dos Santos (MPEG, Bel\u00e9m)<br \/>Cristiana Ramalho Maciel (UFPA, Bragan\u00e7a)<br \/>Edinaldo Nelson dos Santos Silva (INPA, Manaus)<br \/>Fernando Ara\u00fajo Abrunhosa (UFPA \u2013 Bragan\u00e7a)<br \/>Fernando Mantelatto (USP, Ribeir\u00e3o Preto)<br \/>Israel Cintra (UFRA, Bel\u00e9m)<br \/>James Tony Lee (UFPA, Bel\u00e9m)<br \/>Karen Diele (Edinburgh Napier University, Edinburgh, UK)<br \/>K\u00e1tia Cristina Ara\u00fajo Silva (UFRA, Bel\u00e9m)<br \/>Maria In\u00eas Ramos Feij\u00f3 (MPEG, Bel\u00e9m)<br \/>Nuno Filipe Alves Correia de Melo (UFRA, Bel\u00e9m)<br \/>Patr\u00edcia Macedo de Castro Guterres (UERR e MIRR)<br \/>Ronaldo Adriano Christofoletti (IMar\/UNIFESP)<br \/>Rog\u00e9rio Caetano da Costa (UNESP, Bauru)<br \/>Rony Roberto Ramos Vieira (UFPA, Bel\u00e9m)<\/p><p><strong>Support Committee<\/strong><br \/><strong>Workshops<\/strong><br \/>Bianca Bentes da Silva \u2013 Coordinator<br \/>Renata da Costa e Silva Crespim (UFPA Bel\u00e9m)<\/p><p><strong>Disclosure<\/strong><\/p><p>Vanja Joyce Santos<br \/>Tomaz Penner<br \/>J\u00e9ssica Vasconcelos<br \/>L\u00edlian Lund Amado<br \/>Priscila Vilela da N\u00f3brega<\/p>\t\t\t\t\t<\/div>\n\t\t\t\t\t\t<\/div>\n\t\t\t\t<\/div>\n\t\t\t\t\t\t<\/div>\n\t\t\t\t\t<\/div>\n\t\t<\/div>\n\t\t\t\t<div class=\"elementor-column elementor-col-50 elementor-inner-column elementor-element elementor-element-eb987a2\" data-id=\"eb987a2\" data-element_type=\"column\">\n\t\t\t<div class=\"elementor-column-wrap elementor-element-populated\">\n\t\t\t\t\t\t\t<div class=\"elementor-widget-wrap\">\n\t\t\t\t\t\t<div class=\"elementor-element elementor-element-5ad4cc4 elementor-widget elementor-widget-text-editor\" data-id=\"5ad4cc4\" data-element_type=\"widget\" data-widget_type=\"text-editor.default\">\n\t\t\t\t<div class=\"elementor-widget-container\">\n\t\t\t\t\t\t\t\t<div class=\"elementor-text-editor elementor-clearfix\">\n\t\t\t\t<p><strong>Organizers<\/strong><br>James T. Lee \u2013 Coordination<br>Valeverde Turismo<\/p>\n<p><strong>Technical Support<\/strong><br>Adelson Sousa<br>Alessandra Batista Bentes<br>Ana Carolina Melo Rodrigues<br>Ana Paula Sim\u00f5es Castro<br>Camila de Nazar\u00e9 Araujo Cardoso<br>Cleide Barbosa Marques<br>Dalila Costa Silva<br>Danielle Viveiros Cavalcante<br>Diogo Henrique Ara\u00fajo Garcia<br>Edilene Lisboa Martins<br>Fernanda Dayane Lima Ferreira<br>Gabriela Costa Sarmento<br>Gean Duarte Paula<br>Herbert Aranha Sampaio<br>Janaina do Socorro Pereira Da Costa<br>Jeanne Duarte Paula<br>Julliany Lemos<br>Leiliane Souza da Silva<br>L\u00edlian Lund Amado<br>Lu\u00e3 Ranni\u00e9ri Ferreira e Ferreira<br>Luciano de Jesus Gomes Pereira<br>Lygiane Maria do Nascimento Ferreira<br>Mayra Sousa do Nascimento<br>Nayara Cristina Barbosa Mendes<br>Pablo Antonio Cruz<br>Priscila Vilela da N\u00f3brega<br>Su\u00e9lly Cristina Pereira Fernandes<br>Verena Melo<br>Vict\u00f3ria Bezerra Fontes<br>Wander Luis Carvalho do Nascimento<br>Wellington Matheus Gomes de Lima<\/p>\n<p><strong>Information Technology Sector<\/strong><br>Carlos Eduardo Braga Costa<br>\u00c9lcio Hiroyuki Kadosaki<br>Oscar Jos\u00e9 Chamma Neto<\/p><p><span style=\"font-weight: bolder;\">Honored Carcinologists<\/span><br>Richard George Hartnoll (University of Liverpool)<br>C\u00e9lio Ubirajara Magalh\u00e3es Filho (INPA)<br>Cristiana Silveira Serejo (MNRJ)<br><\/p>\t\t\t\t\t<\/div>\n\t\t\t\t\t\t<\/div>\n\t\t\t\t<\/div>\n\t\t\t\t\t\t<\/div>\n\t\t\t\t\t<\/div>\n\t\t<\/div>\n\t\t\t\t\t\t\t\t<\/div>\n\t\t\t\t\t<\/div>\n\t\t<\/section>\n\t\t\t\t\t\t<\/div>\n\t\t\t\t\t<\/div>\n\t\t<\/div>\n\t\t\t\t\t\t\t\t<\/div>\n\t\t\t\t\t<\/div>\n\t\t<\/section>\n\t\t\t\t<section class=\"elementor-section elementor-top-section elementor-element elementor-element-c6fb4ca elementor-section-boxed elementor-section-height-default elementor-section-height-default\" data-id=\"c6fb4ca\" data-element_type=\"section\">\n\t\t\t\t\t\t<div class=\"elementor-container elementor-column-gap-default\">\n\t\t\t\t\t\t\t<div class=\"elementor-row\">\n\t\t\t\t\t<div class=\"elementor-column elementor-col-100 elementor-top-column elementor-element elementor-element-e6ebb18\" data-id=\"e6ebb18\" data-element_type=\"column\">\n\t\t\t<div class=\"elementor-column-wrap elementor-element-populated\">\n\t\t\t\t\t\t\t<div class=\"elementor-widget-wrap\">\n\t\t\t\t\t\t<div class=\"elementor-element elementor-element-b954bb0 elementor-align-center elementor-widget elementor-widget-button\" data-id=\"b954bb0\" data-element_type=\"widget\" data-widget_type=\"button.default\">\n\t\t\t\t<div class=\"elementor-widget-container\">\n\t\t\t\t\t<div class=\"elementor-button-wrapper\">\n\t\t\t<a class=\"elementor-button elementor-size-md elementor-animation-grow\" role=\"button\">\n\t\t\t\t\t\t<span class=\"elementor-button-content-wrapper\">\n\t\t\t\t\t\t<span class=\"elementor-button-icon elementor-align-icon-right\">\n\t\t\t\t<i aria-hidden=\"true\" class=\"fas fa-long-arrow-alt-right\"><\/i>\t\t\t<\/span>\n\t\t\t\t\t\t<span class=\"elementor-button-text\">TODOS CONGRESSOS<\/span>\n\t\t<\/span>\n\t\t\t\t\t<\/a>\n\t\t<\/div>\n\t\t\t\t<\/div>\n\t\t\t\t<\/div>\n\t\t\t\t\t\t<\/div>\n\t\t\t\t\t<\/div>\n\t\t<\/div>\n\t\t\t\t\t\t\t\t<\/div>\n\t\t\t\t\t<\/div>\n\t\t<\/section>\n\t\t\t\t\t\t<\/div>\n\t\t\t\t\t\t<\/div>\n\t\t\t\t\t<\/div>","protected":false},"excerpt":{"rendered":"<p>VII CBC 11 a 14 de novembro de 2012 \u2013 Bel\u00e9m, PA Previous Next Presidency BoardCl\u00e9verson Ranni\u00e9ri Meira dos Santos (MPEG, Bel\u00e9m) \u2013 PresidentJames T. Lee (UFPA, Bel\u00e9m) \u2013 Vice President SecretaryAndr\u00e9ia Barbosa das Nevis (UFPA, Bel\u00e9m)Danielly Brito de Oliveira (UFPA, Bragan\u00e7a)Renata da Costa e Silva Crespim (UFPA, Bel\u00e9m) Finance CommitteeCl\u00e9verson Ranni\u00e9ri Meira dos Santos [&hellip;]<\/p>","protected":false},"author":1,"featured_media":0,"parent":678,"menu_order":0,"comment_status":"closed","ping_status":"closed","template":"elementor_canvas","meta":{"_monsterinsights_skip_tracking":false,"_monsterinsights_sitenote_active":false,"_monsterinsights_sitenote_note":"","_monsterinsights_sitenote_category":0,"footnotes":""},"class_list":["post-4449","page","type-page","status-publish","hentry","entry"],"_links":{"self":[{"href":"https:\/\/crustacea.org.br\/pt\/wp-json\/wp\/v2\/pages\/4449","targetHints":{"allow":["GET"]}}],"collection":[{"href":"https:\/\/crustacea.org.br\/pt\/wp-json\/wp\/v2\/pages"}],"about":[{"href":"https:\/\/crustacea.org.br\/pt\/wp-json\/wp\/v2\/types\/page"}],"author":[{"embeddable":true,"href":"https:\/\/crustacea.org.br\/pt\/wp-json\/wp\/v2\/users\/1"}],"replies":[{"embeddable":true,"href":"https:\/\/crustacea.org.br\/pt\/wp-json\/wp\/v2\/comments?post=4449"}],"version-history":[{"count":9,"href":"https:\/\/crustacea.org.br\/pt\/wp-json\/wp\/v2\/pages\/4449\/revisions"}],"predecessor-version":[{"id":4715,"href":"https:\/\/crustacea.org.br\/pt\/wp-json\/wp\/v2\/pages\/4449\/revisions\/4715"}],"up":[{"embeddable":true,"href":"https:\/\/crustacea.org.br\/pt\/wp-json\/wp\/v2\/pages\/678"}],"wp:attachment":[{"href":"https:\/\/crustacea.org.br\/pt\/wp-json\/wp\/v2\/media?parent=4449"}],"curies":[{"name":"wp","href":"https:\/\/api.w.org\/{rel}","templated":true}]}}