{"id":4627,"date":"2020-08-24T13:51:55","date_gmt":"2020-08-24T13:51:55","guid":{"rendered":"http:\/\/crustacea.org.br\/?page_id=4627"},"modified":"2023-06-26T21:48:48","modified_gmt":"2023-06-26T21:48:48","slug":"x-cbc","status":"publish","type":"page","link":"https:\/\/crustacea.org.br\/pt\/society\/events\/x-cbc\/","title":{"rendered":"X CBC"},"content":{"rendered":"<div data-elementor-type=\"wp-page\" data-elementor-id=\"4627\" class=\"elementor elementor-4627\" data-elementor-settings=\"[]\">\n\t\t\t\t\t\t<div class=\"elementor-inner\">\n\t\t\t\t\t\t\t<div class=\"elementor-section-wrap\">\n\t\t\t\t\t\t\t<section class=\"elementor-section elementor-top-section elementor-element elementor-element-3f0adbed elementor-section-content-middle elementor-section-boxed elementor-section-height-default elementor-section-height-default\" data-id=\"3f0adbed\" data-element_type=\"section\" data-settings=\"{&quot;background_background&quot;:&quot;classic&quot;}\">\n\t\t\t\t\t\t<div class=\"elementor-container elementor-column-gap-wide\">\n\t\t\t\t\t\t\t<div class=\"elementor-row\">\n\t\t\t\t\t<div class=\"elementor-column elementor-col-100 elementor-top-column elementor-element elementor-element-188430b1\" data-id=\"188430b1\" data-element_type=\"column\">\n\t\t\t<div class=\"elementor-column-wrap elementor-element-populated\">\n\t\t\t\t\t\t\t<div class=\"elementor-widget-wrap\">\n\t\t\t\t\t\t<section class=\"elementor-section elementor-inner-section elementor-element elementor-element-26bcf1e2 elementor-section-boxed elementor-section-height-default elementor-section-height-default elementor-invisible\" data-id=\"26bcf1e2\" data-element_type=\"section\" data-settings=\"{&quot;animation&quot;:&quot;fadeInUp&quot;}\">\n\t\t\t\t\t\t<div class=\"elementor-container elementor-column-gap-default\">\n\t\t\t\t\t\t\t<div class=\"elementor-row\">\n\t\t\t\t\t<div class=\"elementor-column elementor-col-100 elementor-inner-column elementor-element elementor-element-74296443\" data-id=\"74296443\" data-element_type=\"column\">\n\t\t\t<div class=\"elementor-column-wrap elementor-element-populated\">\n\t\t\t\t\t\t\t<div class=\"elementor-widget-wrap\">\n\t\t\t\t\t\t<div class=\"elementor-element elementor-element-2feb2e6b elementor-widget elementor-widget-heading\" data-id=\"2feb2e6b\" data-element_type=\"widget\" data-widget_type=\"heading.default\">\n\t\t\t\t<div class=\"elementor-widget-container\">\n\t\t\t<p class=\"elementor-heading-title elementor-size-default\">X CBC<\/p>\t\t<\/div>\n\t\t\t\t<\/div>\n\t\t\t\t<div class=\"elementor-element elementor-element-e03566f elementor-button-info elementor-align-center elementor-widget elementor-widget-button\" data-id=\"e03566f\" data-element_type=\"widget\" data-widget_type=\"button.default\">\n\t\t\t\t<div class=\"elementor-widget-container\">\n\t\t\t\t\t<div class=\"elementor-button-wrapper\">\n\t\t\t<a class=\"elementor-button elementor-size-sm\" role=\"button\">\n\t\t\t\t\t\t<span class=\"elementor-button-content-wrapper\">\n\t\t\t\t\t\t<span class=\"elementor-button-text\">11 a 14 de novembro de 2018 \u2013 Recife, PE<\/span>\n\t\t<\/span>\n\t\t\t\t\t<\/a>\n\t\t<\/div>\n\t\t\t\t<\/div>\n\t\t\t\t<\/div>\n\t\t\t\t<div class=\"elementor-element elementor-element-28a9982 elementor-arrows-position-inside elementor-pagination-position-outside elementor-widget elementor-widget-image-carousel\" data-id=\"28a9982\" data-element_type=\"widget\" data-settings=\"{&quot;slides_to_show&quot;:&quot;3&quot;,&quot;navigation&quot;:&quot;both&quot;,&quot;autoplay&quot;:&quot;yes&quot;,&quot;pause_on_hover&quot;:&quot;yes&quot;,&quot;pause_on_interaction&quot;:&quot;yes&quot;,&quot;autoplay_speed&quot;:5000,&quot;infinite&quot;:&quot;yes&quot;,&quot;speed&quot;:500}\" data-widget_type=\"image-carousel.default\">\n\t\t\t\t<div class=\"elementor-widget-container\">\n\t\t\t\t\t<div class=\"elementor-image-carousel-wrapper swiper-container\" dir=\"ltr\">\n\t\t\t<div class=\"elementor-image-carousel swiper-wrapper\">\n\t\t\t\t\t\t\t\t<div class=\"swiper-slide\"><figure class=\"swiper-slide-inner\"><img decoding=\"async\" class=\"swiper-slide-image\" src=\"https:\/\/crustacea.org.br\/wp-content\/uploads\/2020\/08\/x-cbc-logo.png\" alt=\"x-cbc logo\" \/><\/figure><\/div><div class=\"swiper-slide\"><figure class=\"swiper-slide-inner\"><img decoding=\"async\" class=\"swiper-slide-image\" src=\"https:\/\/crustacea.org.br\/wp-content\/uploads\/2020\/08\/Image-1.png\" alt=\"Image 1\" \/><\/figure><\/div><div class=\"swiper-slide\"><figure class=\"swiper-slide-inner\"><img decoding=\"async\" class=\"swiper-slide-image\" src=\"https:\/\/crustacea.org.br\/wp-content\/uploads\/2020\/08\/Image-2.png\" alt=\"Image 2\" \/><\/figure><\/div><div class=\"swiper-slide\"><figure class=\"swiper-slide-inner\"><img decoding=\"async\" class=\"swiper-slide-image\" src=\"https:\/\/crustacea.org.br\/wp-content\/uploads\/2020\/08\/IMG_9028.png\" alt=\"IMG_9028\" \/><\/figure><\/div><div class=\"swiper-slide\"><figure class=\"swiper-slide-inner\"><img decoding=\"async\" class=\"swiper-slide-image\" src=\"https:\/\/crustacea.org.br\/wp-content\/uploads\/2020\/08\/IMG_9055.png\" alt=\"IMG_9055\" \/><\/figure><\/div><div class=\"swiper-slide\"><figure class=\"swiper-slide-inner\"><img decoding=\"async\" class=\"swiper-slide-image\" src=\"https:\/\/crustacea.org.br\/wp-content\/uploads\/2020\/08\/IMG_9483.png\" alt=\"IMG_9483\" \/><\/figure><\/div><div class=\"swiper-slide\"><figure class=\"swiper-slide-inner\"><img decoding=\"async\" class=\"swiper-slide-image\" src=\"https:\/\/crustacea.org.br\/wp-content\/uploads\/2020\/08\/IMG_9585.png\" alt=\"IMG_9585\" \/><\/figure><\/div><div class=\"swiper-slide\"><figure class=\"swiper-slide-inner\"><img decoding=\"async\" class=\"swiper-slide-image\" src=\"https:\/\/crustacea.org.br\/wp-content\/uploads\/2020\/08\/IMG_9591.png\" alt=\"IMG_9591\" \/><\/figure><\/div><div class=\"swiper-slide\"><figure class=\"swiper-slide-inner\"><img decoding=\"async\" class=\"swiper-slide-image\" src=\"https:\/\/crustacea.org.br\/wp-content\/uploads\/2020\/08\/IMG_9597.png\" alt=\"IMG_9597\" \/><\/figure><\/div><div class=\"swiper-slide\"><figure class=\"swiper-slide-inner\"><img decoding=\"async\" class=\"swiper-slide-image\" src=\"https:\/\/crustacea.org.br\/wp-content\/uploads\/2020\/08\/IMG_9904.png\" alt=\"IMG_9904\" \/><\/figure><\/div>\t\t\t<\/div>\n\t\t\t\t\t\t\t\t\t\t\t\t<div class=\"swiper-pagination\"><\/div>\n\t\t\t\t\t\t\t\t\t\t\t\t\t<div class=\"elementor-swiper-button elementor-swiper-button-prev\">\n\t\t\t\t\t\t<i aria-hidden=\"true\" class=\"eicon-chevron-left\"><\/i>\t\t\t\t\t\t<span class=\"elementor-screen-only\">Anterior<\/span>\n\t\t\t\t\t<\/div>\n\t\t\t\t\t<div class=\"elementor-swiper-button elementor-swiper-button-next\">\n\t\t\t\t\t\t<i aria-hidden=\"true\" class=\"eicon-chevron-right\"><\/i>\t\t\t\t\t\t<span class=\"elementor-screen-only\">Pr\u00f3ximo<\/span>\n\t\t\t\t\t<\/div>\n\t\t\t\t\t\t\t\t\t<\/div>\n\t\t\t\t<\/div>\n\t\t\t\t<\/div>\n\t\t\t\t\t\t<\/div>\n\t\t\t\t\t<\/div>\n\t\t<\/div>\n\t\t\t\t\t\t\t\t<\/div>\n\t\t\t\t\t<\/div>\n\t\t<\/section>\n\t\t\t\t<section class=\"elementor-section elementor-inner-section elementor-element elementor-element-82b3625 elementor-section-boxed elementor-section-height-default elementor-section-height-default\" data-id=\"82b3625\" data-element_type=\"section\">\n\t\t\t\t\t\t<div class=\"elementor-container elementor-column-gap-default\">\n\t\t\t\t\t\t\t<div class=\"elementor-row\">\n\t\t\t\t\t<div class=\"elementor-column elementor-col-50 elementor-inner-column elementor-element elementor-element-eb987a2\" data-id=\"eb987a2\" data-element_type=\"column\">\n\t\t\t<div class=\"elementor-column-wrap elementor-element-populated\">\n\t\t\t\t\t\t\t<div class=\"elementor-widget-wrap\">\n\t\t\t\t\t\t<div class=\"elementor-element elementor-element-b8e213e elementor-widget elementor-widget-text-editor\" data-id=\"b8e213e\" data-element_type=\"widget\" data-widget_type=\"text-editor.default\">\n\t\t\t\t<div class=\"elementor-widget-container\">\n\t\t\t\t\t\t\t\t<div class=\"elementor-text-editor elementor-clearfix\">\n\t\t\t\t<div><strong>Organizers<\/strong><\/div><div>Alexandre Oliveira Almeida (UFPE) &#8211; President Jesser Fidelis de Souza Filho (UFPE)<\/div><div>Marina de S\u00e1 Leit\u00e3o C\u00e2mara de Ara\u00fajo (UPE)\u00a0<\/div><div>\u00a0<\/div><div><strong>Coordination of the Scientific Committee<\/strong><\/div><div>Marina de S\u00e1 L. C. de Ara\u00fajo (UPE) &#8211; President<\/div><div>Luis Ernesto Arruda Bezerra (UFC)<\/div><div>Mauro de Melo Junior (UFRPE)<\/div><div>Pedro Augusto Mendes de Castro Melo (UFPE)\u00a0<\/div><div>\u00a0<\/div><div><strong>Secretary Board<\/strong><\/div><div>Catarina de L. Ara\u00fajo Silva (UFPE)<\/div><div>D\u00e9bora Lucatelli (UFPE)<\/div><div>Fab\u00edola Maria Marques do Couto Cah\u00fa (UFPE)\u00a0<\/div><div>\u00a0<\/div><div><strong>Organizing committee<\/strong><\/div><div>Ana Carla Costa de Souza (UFPE)<\/div><div>Andressa Maria Cunha (UFPE)<\/div><div>Aurinete Negromonte (UFPE)<\/div><div>Elinai Santos Silva (UFPE)<\/div><div>Elk\u00eanita Guedes-Silva (UFPE)<\/div><div>Fl\u00e1vio Almeida Alves J\u00fanior (UFPE)<\/div><div>Gabriel Lucas Bochini (UFPE)<\/div><div>Guidomar Oliveira Soledade (UFPE)<\/div><div>Julianna de Lemos Santana (UFPE)<\/div><div>Patricia Souza Santos (UFPE)<\/div><div>Ricardo Jos\u00e9 de Carvalho Paiva (UFPE) \u00a0<\/div><div>\u00a0<\/div><div>\u00a0<\/div>\t\t\t\t\t<\/div>\n\t\t\t\t\t\t<\/div>\n\t\t\t\t<\/div>\n\t\t\t\t\t\t<\/div>\n\t\t\t\t\t<\/div>\n\t\t<\/div>\n\t\t\t\t<div class=\"elementor-column elementor-col-50 elementor-inner-column elementor-element elementor-element-6a7b4e4\" data-id=\"6a7b4e4\" data-element_type=\"column\">\n\t\t\t<div class=\"elementor-column-wrap elementor-element-populated\">\n\t\t\t\t\t\t\t<div class=\"elementor-widget-wrap\">\n\t\t\t\t\t\t<div class=\"elementor-element elementor-element-9d65ebc elementor-widget elementor-widget-text-editor\" data-id=\"9d65ebc\" data-element_type=\"widget\" data-widget_type=\"text-editor.default\">\n\t\t\t\t<div class=\"elementor-widget-container\">\n\t\t\t\t\t\t\t\t<div class=\"elementor-text-editor elementor-clearfix\">\n\t\t\t\t<div><strong>Scientific Commission<\/strong><\/div><div>Adriane Pereira Wandeness (UFPE)<\/div><div>Alexandre Oliveira de Almeida (UFPE)<\/div><div>Allysson Pontes Pinheiro (URCA)<\/div><div>Ana Carla Costa de Souza (UFPE)<\/div><div>Andressa Maria Santos Cunha (UFPE)<\/div><div>Aurinete Oliveira Negromonte (UFPE)<\/div><div>Catarina de Lourdes Ara\u00fajo Silva (UFPE)<\/div><div>Catarina Marcolin (UFSB)<\/div><div>Daniela da Silva Castiglioni (UFSM)<\/div><div>D\u00e9bora Lucatelli de Albuquerque (UFPE)<\/div><div>Elk\u00eanita Guedes-Silva (UFPE)<\/div><div>Fabri\u0301cio Lopes de Carvalho (UFSB)<\/div><div>Fl\u00e1vio de Almeida Alves Junior (UFPE)<\/div><div>Gabriel Lucas Bochini (UFPE)<\/div><div>Girlene Fa\u0301bia Segundo Viana (UFRPE)<\/div><div>Guidomar Oliveira Soledade (UFPE)<\/div><div>Ivanklin Soares Campos Filho (UFCG)<\/div><div>Jesser Fidelis de Souza Filho (UFPE)<\/div><div>Jose\u0301 Eduardo Martinelli Filho (UFPA)<\/div><div>Juliana de Lemos Santana (UFPE)<\/div><div>Lucas Guedes Pereira Figueir\u00eado (UFPE)<\/div><div>Luis Ernesto Arruda Bezerra (UFC)<\/div><div>Marcos Souto Alves (UFRPE)<\/div><div>Marina de S\u00e1 Leit\u00e3o C\u00e2mara de Ara\u00fajo (UPE) M.Sc. M\u00e1rio Vitor Oliveira (UFPE)<\/div><div>Martin Lindsey Christoffersen (UFPB)<\/div><div>Mauro de Melo Junior (UFRPE)<\/div><div>Mo\u0302nica Lucia Botter-Carvalho (UFRPE)<\/div><div>Patricia Souza dos Santos (UFPE)<\/div><div>Pedro Augusto Mendes de Castro Melo (UFPE) Dra. Renata Akemi Shinozaki Mendes (UFRPE)<\/div><div>Ricardo Jos\u00e9 de Carvalho Paiva (UFPE)<\/div><div>Rodrigo Augusto Torres (UFPE)<\/div><div>Simone Maria de Albuquerque Lira (UFRPE)\u00a0 T\u00e2mara de Almeida e Silva (UNEB)<\/div><div>Tereza Cristina dos Santos Calado (UFAL) Viviane L\u00facia dos Santos Almeida (UPE)<\/div><div>\u00a0<\/div><div><strong>Honored Carcinologists <\/strong><\/div><div>Sigrid Neumann Leit\u00e3o (UFPE)<br \/>Marilena Ramos Porto (UFRPE)<br \/>Charles Oliver Coleman (Museum f\u00fcr Naturkunde, Berlim)<br \/>\u00a0 \u00a0<\/div>\t\t\t\t\t<\/div>\n\t\t\t\t\t\t<\/div>\n\t\t\t\t<\/div>\n\t\t\t\t\t\t<\/div>\n\t\t\t\t\t<\/div>\n\t\t<\/div>\n\t\t\t\t\t\t\t\t<\/div>\n\t\t\t\t\t<\/div>\n\t\t<\/section>\n\t\t\t\t\t\t<\/div>\n\t\t\t\t\t<\/div>\n\t\t<\/div>\n\t\t\t\t\t\t\t\t<\/div>\n\t\t\t\t\t<\/div>\n\t\t<\/section>\n\t\t\t\t<section class=\"elementor-section elementor-top-section elementor-element elementor-element-c6fb4ca elementor-section-boxed elementor-section-height-default elementor-section-height-default\" data-id=\"c6fb4ca\" data-element_type=\"section\">\n\t\t\t\t\t\t<div class=\"elementor-container elementor-column-gap-default\">\n\t\t\t\t\t\t\t<div class=\"elementor-row\">\n\t\t\t\t\t<div class=\"elementor-column elementor-col-100 elementor-top-column elementor-element elementor-element-e6ebb18\" data-id=\"e6ebb18\" data-element_type=\"column\">\n\t\t\t<div class=\"elementor-column-wrap elementor-element-populated\">\n\t\t\t\t\t\t\t<div class=\"elementor-widget-wrap\">\n\t\t\t\t\t\t<div class=\"elementor-element elementor-element-c9a0f39 elementor-align-center elementor-widget elementor-widget-button\" data-id=\"c9a0f39\" data-element_type=\"widget\" data-widget_type=\"button.default\">\n\t\t\t\t<div class=\"elementor-widget-container\">\n\t\t\t\t\t<div class=\"elementor-button-wrapper\">\n\t\t\t<a href=\"https:\/\/crustacea.org.br\/pt\/society\/events\/\" class=\"elementor-button-link elementor-button elementor-size-md elementor-animation-grow\" role=\"button\">\n\t\t\t\t\t\t<span class=\"elementor-button-content-wrapper\">\n\t\t\t\t\t\t<span class=\"elementor-button-icon elementor-align-icon-right\">\n\t\t\t\t<i aria-hidden=\"true\" class=\"fas fa-long-arrow-alt-right\"><\/i>\t\t\t<\/span>\n\t\t\t\t\t\t<span class=\"elementor-button-text\">TODOS CONGRESSOS<\/span>\n\t\t<\/span>\n\t\t\t\t\t<\/a>\n\t\t<\/div>\n\t\t\t\t<\/div>\n\t\t\t\t<\/div>\n\t\t\t\t\t\t<\/div>\n\t\t\t\t\t<\/div>\n\t\t<\/div>\n\t\t\t\t\t\t\t\t<\/div>\n\t\t\t\t\t<\/div>\n\t\t<\/section>\n\t\t\t\t\t\t<\/div>\n\t\t\t\t\t\t<\/div>\n\t\t\t\t\t<\/div>","protected":false},"excerpt":{"rendered":"<p>X CBC 11 a 14 de novembro de 2018 \u2013 Recife, PE Previous Next OrganizersAlexandre Oliveira Almeida (UFPE) &#8211; President Jesser Fidelis de Souza Filho (UFPE)Marina de S\u00e1 Leit\u00e3o C\u00e2mara de Ara\u00fajo (UPE)\u00a0\u00a0Coordination of the Scientific CommitteeMarina de S\u00e1 L. C. de Ara\u00fajo (UPE) &#8211; PresidentLuis Ernesto Arruda Bezerra (UFC)Mauro de Melo Junior (UFRPE)Pedro Augusto [&hellip;]<\/p>","protected":false},"author":1,"featured_media":0,"parent":678,"menu_order":0,"comment_status":"closed","ping_status":"closed","template":"elementor_canvas","meta":{"_monsterinsights_skip_tracking":false,"_monsterinsights_sitenote_active":false,"_monsterinsights_sitenote_note":"","_monsterinsights_sitenote_category":0,"footnotes":""},"class_list":["post-4627","page","type-page","status-publish","hentry","entry"],"_links":{"self":[{"href":"https:\/\/crustacea.org.br\/pt\/wp-json\/wp\/v2\/pages\/4627","targetHints":{"allow":["GET"]}}],"collection":[{"href":"https:\/\/crustacea.org.br\/pt\/wp-json\/wp\/v2\/pages"}],"about":[{"href":"https:\/\/crustacea.org.br\/pt\/wp-json\/wp\/v2\/types\/page"}],"author":[{"embeddable":true,"href":"https:\/\/crustacea.org.br\/pt\/wp-json\/wp\/v2\/users\/1"}],"replies":[{"embeddable":true,"href":"https:\/\/crustacea.org.br\/pt\/wp-json\/wp\/v2\/comments?post=4627"}],"version-history":[{"count":11,"href":"https:\/\/crustacea.org.br\/pt\/wp-json\/wp\/v2\/pages\/4627\/revisions"}],"predecessor-version":[{"id":6177,"href":"https:\/\/crustacea.org.br\/pt\/wp-json\/wp\/v2\/pages\/4627\/revisions\/6177"}],"up":[{"embeddable":true,"href":"https:\/\/crustacea.org.br\/pt\/wp-json\/wp\/v2\/pages\/678"}],"wp:attachment":[{"href":"https:\/\/crustacea.org.br\/pt\/wp-json\/wp\/v2\/media?parent=4627"}],"curies":[{"name":"wp","href":"https:\/\/api.w.org\/{rel}","templated":true}]}}