{"id":6079,"date":"2023-06-26T21:12:41","date_gmt":"2023-06-26T21:12:41","guid":{"rendered":"http:\/\/crustacea.org.br\/?page_id=6079"},"modified":"2023-06-28T00:56:59","modified_gmt":"2023-06-28T00:56:59","slug":"xi-cbc","status":"publish","type":"page","link":"https:\/\/crustacea.org.br\/pt\/society\/events\/xi-cbc\/","title":{"rendered":"XI CBC"},"content":{"rendered":"<div data-elementor-type=\"wp-page\" data-elementor-id=\"6079\" class=\"elementor elementor-6079\" data-elementor-settings=\"[]\">\n\t\t\t\t\t\t<div class=\"elementor-inner\">\n\t\t\t\t\t\t\t<div class=\"elementor-section-wrap\">\n\t\t\t\t\t\t\t<section class=\"elementor-section elementor-top-section elementor-element elementor-element-3f0adbed elementor-section-content-middle elementor-section-boxed elementor-section-height-default elementor-section-height-default\" data-id=\"3f0adbed\" data-element_type=\"section\" data-settings=\"{&quot;background_background&quot;:&quot;classic&quot;}\">\n\t\t\t\t\t\t<div class=\"elementor-container elementor-column-gap-wide\">\n\t\t\t\t\t\t\t<div class=\"elementor-row\">\n\t\t\t\t\t<div class=\"elementor-column elementor-col-100 elementor-top-column elementor-element elementor-element-188430b1\" data-id=\"188430b1\" data-element_type=\"column\">\n\t\t\t<div class=\"elementor-column-wrap elementor-element-populated\">\n\t\t\t\t\t\t\t<div class=\"elementor-widget-wrap\">\n\t\t\t\t\t\t<section class=\"elementor-section elementor-inner-section elementor-element elementor-element-26bcf1e2 elementor-section-boxed elementor-section-height-default elementor-section-height-default elementor-invisible\" data-id=\"26bcf1e2\" data-element_type=\"section\" data-settings=\"{&quot;animation&quot;:&quot;fadeInUp&quot;}\">\n\t\t\t\t\t\t<div class=\"elementor-container elementor-column-gap-default\">\n\t\t\t\t\t\t\t<div class=\"elementor-row\">\n\t\t\t\t\t<div class=\"elementor-column elementor-col-100 elementor-inner-column elementor-element elementor-element-74296443\" data-id=\"74296443\" data-element_type=\"column\">\n\t\t\t<div class=\"elementor-column-wrap elementor-element-populated\">\n\t\t\t\t\t\t\t<div class=\"elementor-widget-wrap\">\n\t\t\t\t\t\t<div class=\"elementor-element elementor-element-2feb2e6b elementor-widget elementor-widget-heading\" data-id=\"2feb2e6b\" data-element_type=\"widget\" data-widget_type=\"heading.default\">\n\t\t\t\t<div class=\"elementor-widget-container\">\n\t\t\t<p class=\"elementor-heading-title elementor-size-default\">XI CBC<\/p>\t\t<\/div>\n\t\t\t\t<\/div>\n\t\t\t\t<div class=\"elementor-element elementor-element-e03566f elementor-button-info elementor-align-center elementor-widget elementor-widget-button\" data-id=\"e03566f\" data-element_type=\"widget\" data-widget_type=\"button.default\">\n\t\t\t\t<div class=\"elementor-widget-container\">\n\t\t\t\t\t<div class=\"elementor-button-wrapper\">\n\t\t\t<a class=\"elementor-button elementor-size-sm\" role=\"button\">\n\t\t\t\t\t\t<span class=\"elementor-button-content-wrapper\">\n\t\t\t\t\t\t<span class=\"elementor-button-text\">06 a 09 de junho de 2022 \u2013 Santos,SP<\/span>\n\t\t<\/span>\n\t\t\t\t\t<\/a>\n\t\t<\/div>\n\t\t\t\t<\/div>\n\t\t\t\t<\/div>\n\t\t\t\t<div class=\"elementor-element elementor-element-28a9982 elementor-arrows-position-inside elementor-pagination-position-outside elementor-widget elementor-widget-image-carousel\" data-id=\"28a9982\" data-element_type=\"widget\" data-settings=\"{&quot;slides_to_show&quot;:&quot;3&quot;,&quot;navigation&quot;:&quot;both&quot;,&quot;autoplay&quot;:&quot;yes&quot;,&quot;pause_on_hover&quot;:&quot;yes&quot;,&quot;pause_on_interaction&quot;:&quot;yes&quot;,&quot;autoplay_speed&quot;:5000,&quot;infinite&quot;:&quot;yes&quot;,&quot;speed&quot;:500}\" data-widget_type=\"image-carousel.default\">\n\t\t\t\t<div class=\"elementor-widget-container\">\n\t\t\t\t\t<div class=\"elementor-image-carousel-wrapper swiper-container\" dir=\"ltr\">\n\t\t\t<div class=\"elementor-image-carousel swiper-wrapper swiper-image-stretch\">\n\t\t\t\t\t\t\t\t<div class=\"swiper-slide\"><figure class=\"swiper-slide-inner\"><img decoding=\"async\" class=\"swiper-slide-image\" src=\"https:\/\/crustacea.org.br\/wp-content\/uploads\/2021\/09\/XI-CBC-TCS-2022-HORIZONTAL.gif\" alt=\"XI-CBC-TCS-2022-HORIZONTAL\" \/><\/figure><\/div><div class=\"swiper-slide\"><figure class=\"swiper-slide-inner\"><img decoding=\"async\" class=\"swiper-slide-image\" src=\"https:\/\/crustacea.org.br\/wp-content\/uploads\/2023\/06\/XI-CBC-2-e1687913998337-768x384.jpg\" alt=\"XI CBC (2)\" \/><\/figure><\/div><div class=\"swiper-slide\"><figure class=\"swiper-slide-inner\"><img decoding=\"async\" class=\"swiper-slide-image\" src=\"https:\/\/crustacea.org.br\/wp-content\/uploads\/2023\/06\/XI-CBC-e1687914039297-768x384.jpg\" alt=\"XI CBC\" \/><\/figure><\/div>\t\t\t<\/div>\n\t\t\t\t\t\t\t\t\t\t\t\t<div class=\"swiper-pagination\"><\/div>\n\t\t\t\t\t\t\t\t\t\t\t\t\t<div class=\"elementor-swiper-button elementor-swiper-button-prev\">\n\t\t\t\t\t\t<i aria-hidden=\"true\" class=\"eicon-chevron-left\"><\/i>\t\t\t\t\t\t<span class=\"elementor-screen-only\">Anterior<\/span>\n\t\t\t\t\t<\/div>\n\t\t\t\t\t<div class=\"elementor-swiper-button elementor-swiper-button-next\">\n\t\t\t\t\t\t<i aria-hidden=\"true\" class=\"eicon-chevron-right\"><\/i>\t\t\t\t\t\t<span class=\"elementor-screen-only\">Pr\u00f3ximo<\/span>\n\t\t\t\t\t<\/div>\n\t\t\t\t\t\t\t\t\t<\/div>\n\t\t\t\t<\/div>\n\t\t\t\t<\/div>\n\t\t\t\t\t\t<\/div>\n\t\t\t\t\t<\/div>\n\t\t<\/div>\n\t\t\t\t\t\t\t\t<\/div>\n\t\t\t\t\t<\/div>\n\t\t<\/section>\n\t\t\t\t<section class=\"elementor-section elementor-inner-section elementor-element elementor-element-82b3625 elementor-section-boxed elementor-section-height-default elementor-section-height-default\" data-id=\"82b3625\" data-element_type=\"section\">\n\t\t\t\t\t\t<div class=\"elementor-container elementor-column-gap-default\">\n\t\t\t\t\t\t\t<div class=\"elementor-row\">\n\t\t\t\t\t<div class=\"elementor-column elementor-col-50 elementor-inner-column elementor-element elementor-element-eb987a2\" data-id=\"eb987a2\" data-element_type=\"column\">\n\t\t\t<div class=\"elementor-column-wrap elementor-element-populated\">\n\t\t\t\t\t\t\t<div class=\"elementor-widget-wrap\">\n\t\t\t\t\t\t<div class=\"elementor-element elementor-element-b8e213e elementor-widget elementor-widget-text-editor\" data-id=\"b8e213e\" data-element_type=\"widget\" data-widget_type=\"text-editor.default\">\n\t\t\t\t<div class=\"elementor-widget-container\">\n\t\t\t\t\t\t\t\t<div class=\"elementor-text-editor elementor-clearfix\">\n\t\t\t\t<div><p><strong>Presidentes<br \/><\/strong>Dr. Rog\u00e9rio Caetano da Costa (UNESP \/ Bauru, BR)<br \/>Dr. Marcelo Antonio Amaro Pinheiro (UNESP \/ S\u00e3o Vicente, BR)<br \/>Comiss\u00e3o Assessora Internacional<br \/>Dr. William Santana (USC \/ Bauru, BR) &#8211; Presidente<br \/>Dr. Antonio Le\u00e3o Castilho (UNESP \/ Botucatu, BR)<br \/>Dr. Fernando Lu\u00eds Mantelatto (USP \/ Ribeir\u00e3o Preto, BR)<br \/>Dr. Marcos Domingos Siqueira Tavares (MZUSP \/ S\u00e3o Paulo, BR)<br \/>Dr. Allysson Pontes Pinheiro (UFCA \/ Juazeiro do Norte, CE)<\/p><p><strong>Comiss\u00e3o Cient\u00edfica<br \/><\/strong>Dr. Christopher Tudge (American University \/ Washington, USA) &#8211; Presidente<br \/>Dra. Heather Bracken-Grisson (Florida International University \/ Miami, USA)<\/p><p>Dr. Javier Luque (Yale University \/ New Haven, USA)<\/p><p>Dra. Paula Beatriz Araujo (Universidade Federal do Rio Grande do Sul \/ RS, BR)<br \/>Dr. Sandro Santos (Universidade Federal de Santa Maria \/ RS, BR)<\/p><p><strong>Secretaria<\/strong><br \/>A ser designada de Coordena\u00e7\u00e3o Geral do Evento<br \/>Comiss\u00e3o de Finan\u00e7as<br \/><span style=\"font-weight: var( --e-global-typography-text-font-weight );\">Dr. Rog\u00e9rio Caetano da Costa (UNESP C\u00e2mpus de Bauru) &#8211; Presidente<br \/><\/span><span style=\"font-weight: var( --e-global-typography-text-font-weight );\">Dr. Antonio Le\u00e3o Castilho (UNESP C\u00e2mpus de Botucatu, BR)<br \/><\/span><span style=\"font-weight: var( --e-global-typography-text-font-weight );\">Dr. R\u00e9gis Augusto Pescinelli (UNESP \/ Bauru, BR)<\/span><\/p><p>\u00a0<\/p><\/div>\t\t\t\t\t<\/div>\n\t\t\t\t\t\t<\/div>\n\t\t\t\t<\/div>\n\t\t\t\t\t\t<\/div>\n\t\t\t\t\t<\/div>\n\t\t<\/div>\n\t\t\t\t<div class=\"elementor-column elementor-col-50 elementor-inner-column elementor-element elementor-element-6a7b4e4\" data-id=\"6a7b4e4\" data-element_type=\"column\">\n\t\t\t<div class=\"elementor-column-wrap elementor-element-populated\">\n\t\t\t\t\t\t\t<div class=\"elementor-widget-wrap\">\n\t\t\t\t\t\t<div class=\"elementor-element elementor-element-e770619 elementor-widget elementor-widget-text-editor\" data-id=\"e770619\" data-element_type=\"widget\" data-widget_type=\"text-editor.default\">\n\t\t\t\t<div class=\"elementor-widget-container\">\n\t\t\t\t\t\t\t\t<div class=\"elementor-text-editor elementor-clearfix\">\n\t\t\t\t<div>\n<p><b>Comiss\u00e3o de Patroc\u00ednio<\/b><br><\/p><p><span style=\"font-weight: var( --e-global-typography-text-font-weight );\">Dr. Marcelo Antonio Amaro Pinheiro (UNESP \/ S\u00e3o Vicente, BR) &#8211; Presidente<br><\/span><span style=\"font-weight: var( --e-global-typography-text-font-weight );\">MSc. Fernanda Vargas Barbi de Souza (UNESP \/ S\u00e3o Vicente, BR)<br><\/span><span style=\"font-weight: var( --e-global-typography-text-font-weight );\">Biol. M\u00e1rcio Camargo Ara\u00fajo Jo\u00e3o (UNESP \/ S\u00e3o Vicente, BR)<br><\/span><span style=\"font-weight: var( --e-global-typography-text-font-weight );\">Msc. J\u00falia Fernandes Perroca (UNESP \/ Bauru, BR)<\/span><\/p>\n<p><b>Comiss\u00e3o de Divulga\u00e7\u00e3o<\/b><\/p>\n<p>Dr. Marcelo Antonio Amaro Pinheiro (UNESP \/ S\u00e3o Vicente) &#8211; Presidente<br><span style=\"font-weight: var( --e-global-typography-text-font-weight );\">Dra. Milena Regina Wolf (UNESP \/ Botucatu, BR)<br><\/span><span style=\"font-weight: var( --e-global-typography-text-font-weight );\">Msc. J\u00falia Fernandes Perroca (UNESP \/ Bauru, BR)<br><\/span><span style=\"font-weight: var( --e-global-typography-text-font-weight );\">Biol. Juli Ann Longato (UNESP \/ S\u00e3o Vicente, BR)<br><\/span><span style=\"font-weight: var( --e-global-typography-text-font-weight );\">Gustavo Henrique Spadotto Pinheiro (Santos, BR)<br><\/span><span style=\"font-weight: var( --e-global-typography-text-font-weight );\">Ryan Pinheiro Funari (Botucatu, BR)<\/span><\/p>\n<p><b>Comiss\u00e3o Cerimonial<\/b><br>A ser designada pela Reitoria UNESP<\/p>\n<p><b>Comiss\u00e3o Organizadora e Suporte<br><\/b><span style=\"font-weight: var( --e-global-typography-text-font-weight );\">Dra. Milena Regina Wolf (UNESP \/ Botucatu, BR)<br><\/span><span style=\"font-weight: var( --e-global-typography-text-font-weight );\">Biol. M\u00e1rcio Camargo Ara\u00fajo Jo\u00e3o (UNESP \/ S\u00e3o Vicente, BR)<br><\/span><span style=\"font-weight: var( --e-global-typography-text-font-weight );\">Dra. J\u00e9ssica Colavite (UNESP \/ Botucatu, BR<br><\/span><span style=\"font-weight: var( --e-global-typography-text-font-weight );\">Msc. J\u00falia Fernandes Perroca (UNESP \/ Bauru, BR)<br><\/span><span style=\"font-weight: var( --e-global-typography-text-font-weight );\">Biol. Juli Ann Longato (UNESP \/ S\u00e3o Vicente, BR)<br><\/span><span style=\"font-weight: var( --e-global-typography-text-font-weight );\">Msc. Rafael de Carvalhos Santos (UNESP \/ Bauru, BR)<br><\/span><span style=\"font-weight: var( --e-global-typography-text-font-weight );\">Msc. Isabela Morais (UNESP \/ Botucatu, BR)<br><\/span><span style=\"font-weight: var( --e-global-typography-text-font-weight );\">Msc. Lizandra Fernandes Miazaki (UNESP \/ Bauru, BR)<br><\/span><span style=\"font-weight: var( --e-global-typography-text-font-weight );\">Msc. Caio dos Santos Nogueira (UNESP \/ Bauru, BR)<\/span><\/p>\n<\/div>\t\t\t\t\t<\/div>\n\t\t\t\t\t\t<\/div>\n\t\t\t\t<\/div>\n\t\t\t\t\t\t<\/div>\n\t\t\t\t\t<\/div>\n\t\t<\/div>\n\t\t\t\t\t\t\t\t<\/div>\n\t\t\t\t\t<\/div>\n\t\t<\/section>\n\t\t\t\t\t\t<\/div>\n\t\t\t\t\t<\/div>\n\t\t<\/div>\n\t\t\t\t\t\t\t\t<\/div>\n\t\t\t\t\t<\/div>\n\t\t<\/section>\n\t\t\t\t<section class=\"elementor-section elementor-top-section elementor-element elementor-element-c6fb4ca elementor-section-boxed elementor-section-height-default elementor-section-height-default\" data-id=\"c6fb4ca\" data-element_type=\"section\">\n\t\t\t\t\t\t<div class=\"elementor-container elementor-column-gap-default\">\n\t\t\t\t\t\t\t<div class=\"elementor-row\">\n\t\t\t\t\t<div class=\"elementor-column elementor-col-100 elementor-top-column elementor-element elementor-element-e6ebb18\" data-id=\"e6ebb18\" data-element_type=\"column\">\n\t\t\t<div class=\"elementor-column-wrap elementor-element-populated\">\n\t\t\t\t\t\t\t<div class=\"elementor-widget-wrap\">\n\t\t\t\t\t\t<div class=\"elementor-element elementor-element-b954bb0 elementor-align-center elementor-widget elementor-widget-button\" data-id=\"b954bb0\" data-element_type=\"widget\" data-widget_type=\"button.default\">\n\t\t\t\t<div class=\"elementor-widget-container\">\n\t\t\t\t\t<div class=\"elementor-button-wrapper\">\n\t\t\t<a href=\"https:\/\/crustacea.org.br\/pt\/society\/events\/\" class=\"elementor-button-link elementor-button elementor-size-md elementor-animation-grow\" role=\"button\">\n\t\t\t\t\t\t<span class=\"elementor-button-content-wrapper\">\n\t\t\t\t\t\t<span class=\"elementor-button-icon elementor-align-icon-right\">\n\t\t\t\t<i aria-hidden=\"true\" class=\"fas fa-long-arrow-alt-right\"><\/i>\t\t\t<\/span>\n\t\t\t\t\t\t<span class=\"elementor-button-text\">TODOS CONGRESSOS<\/span>\n\t\t<\/span>\n\t\t\t\t\t<\/a>\n\t\t<\/div>\n\t\t\t\t<\/div>\n\t\t\t\t<\/div>\n\t\t\t\t\t\t<\/div>\n\t\t\t\t\t<\/div>\n\t\t<\/div>\n\t\t\t\t\t\t\t\t<\/div>\n\t\t\t\t\t<\/div>\n\t\t<\/section>\n\t\t\t\t\t\t<\/div>\n\t\t\t\t\t\t<\/div>\n\t\t\t\t\t<\/div>","protected":false},"excerpt":{"rendered":"<p>XI CBC 06 a 09 de junho de 2022 \u2013 Santos,SP Previous Next PresidentesDr. Rog\u00e9rio Caetano da Costa (UNESP \/ Bauru, BR)Dr. Marcelo Antonio Amaro Pinheiro (UNESP \/ S\u00e3o Vicente, BR)Comiss\u00e3o Assessora InternacionalDr. William Santana (USC \/ Bauru, BR) &#8211; PresidenteDr. Antonio Le\u00e3o Castilho (UNESP \/ Botucatu, BR)Dr. Fernando Lu\u00eds Mantelatto (USP \/ Ribeir\u00e3o Preto, [&hellip;]<\/p>","protected":false},"author":3,"featured_media":0,"parent":678,"menu_order":0,"comment_status":"closed","ping_status":"closed","template":"elementor_canvas","meta":{"_monsterinsights_skip_tracking":false,"_monsterinsights_sitenote_active":false,"_monsterinsights_sitenote_note":"","_monsterinsights_sitenote_category":0,"footnotes":""},"class_list":["post-6079","page","type-page","status-publish","hentry","entry"],"_links":{"self":[{"href":"https:\/\/crustacea.org.br\/pt\/wp-json\/wp\/v2\/pages\/6079","targetHints":{"allow":["GET"]}}],"collection":[{"href":"https:\/\/crustacea.org.br\/pt\/wp-json\/wp\/v2\/pages"}],"about":[{"href":"https:\/\/crustacea.org.br\/pt\/wp-json\/wp\/v2\/types\/page"}],"author":[{"embeddable":true,"href":"https:\/\/crustacea.org.br\/pt\/wp-json\/wp\/v2\/users\/3"}],"replies":[{"embeddable":true,"href":"https:\/\/crustacea.org.br\/pt\/wp-json\/wp\/v2\/comments?post=6079"}],"version-history":[{"count":19,"href":"https:\/\/crustacea.org.br\/pt\/wp-json\/wp\/v2\/pages\/6079\/revisions"}],"predecessor-version":[{"id":6189,"href":"https:\/\/crustacea.org.br\/pt\/wp-json\/wp\/v2\/pages\/6079\/revisions\/6189"}],"up":[{"embeddable":true,"href":"https:\/\/crustacea.org.br\/pt\/wp-json\/wp\/v2\/pages\/678"}],"wp:attachment":[{"href":"https:\/\/crustacea.org.br\/pt\/wp-json\/wp\/v2\/media?parent=6079"}],"curies":[{"name":"wp","href":"https:\/\/api.w.org\/{rel}","templated":true}]}}