{"id":6081,"date":"2023-06-26T21:13:00","date_gmt":"2023-06-26T21:13:00","guid":{"rendered":"http:\/\/crustacea.org.br\/?page_id=6081"},"modified":"2023-06-26T21:48:59","modified_gmt":"2023-06-26T21:48:59","slug":"xii-cbc","status":"publish","type":"page","link":"https:\/\/crustacea.org.br\/pt\/society\/events\/xii-cbc\/","title":{"rendered":"XII CBC"},"content":{"rendered":"<div data-elementor-type=\"wp-page\" data-elementor-id=\"6081\" class=\"elementor elementor-6081\" data-elementor-settings=\"[]\">\n\t\t\t\t\t\t<div class=\"elementor-inner\">\n\t\t\t\t\t\t\t<div class=\"elementor-section-wrap\">\n\t\t\t\t\t\t\t<section class=\"elementor-section elementor-top-section elementor-element elementor-element-3f0adbed elementor-section-content-middle elementor-section-boxed elementor-section-height-default elementor-section-height-default\" data-id=\"3f0adbed\" data-element_type=\"section\" data-settings=\"{&quot;background_background&quot;:&quot;classic&quot;}\">\n\t\t\t\t\t\t<div class=\"elementor-container elementor-column-gap-wide\">\n\t\t\t\t\t\t\t<div class=\"elementor-row\">\n\t\t\t\t\t<div class=\"elementor-column elementor-col-100 elementor-top-column elementor-element elementor-element-188430b1\" data-id=\"188430b1\" data-element_type=\"column\">\n\t\t\t<div class=\"elementor-column-wrap elementor-element-populated\">\n\t\t\t\t\t\t\t<div class=\"elementor-widget-wrap\">\n\t\t\t\t\t\t<section class=\"elementor-section elementor-inner-section elementor-element elementor-element-26bcf1e2 elementor-section-boxed elementor-section-height-default elementor-section-height-default elementor-invisible\" data-id=\"26bcf1e2\" data-element_type=\"section\" data-settings=\"{&quot;animation&quot;:&quot;fadeInUp&quot;}\">\n\t\t\t\t\t\t<div class=\"elementor-container elementor-column-gap-default\">\n\t\t\t\t\t\t\t<div class=\"elementor-row\">\n\t\t\t\t\t<div class=\"elementor-column elementor-col-100 elementor-inner-column elementor-element elementor-element-74296443\" data-id=\"74296443\" data-element_type=\"column\">\n\t\t\t<div class=\"elementor-column-wrap elementor-element-populated\">\n\t\t\t\t\t\t\t<div class=\"elementor-widget-wrap\">\n\t\t\t\t\t\t<div class=\"elementor-element elementor-element-2feb2e6b elementor-widget elementor-widget-heading\" data-id=\"2feb2e6b\" data-element_type=\"widget\" data-widget_type=\"heading.default\">\n\t\t\t\t<div class=\"elementor-widget-container\">\n\t\t\t<p class=\"elementor-heading-title elementor-size-default\">XII CBC<\/p>\t\t<\/div>\n\t\t\t\t<\/div>\n\t\t\t\t<div class=\"elementor-element elementor-element-e03566f elementor-button-info elementor-align-center elementor-widget elementor-widget-button\" data-id=\"e03566f\" data-element_type=\"widget\" data-widget_type=\"button.default\">\n\t\t\t\t<div class=\"elementor-widget-container\">\n\t\t\t\t\t<div class=\"elementor-button-wrapper\">\n\t\t\t<a class=\"elementor-button elementor-size-sm\" role=\"button\">\n\t\t\t\t\t\t<span class=\"elementor-button-content-wrapper\">\n\t\t\t\t\t\t<span class=\"elementor-button-text\">4 a 7 de novembro de 2024 \u2013 UBERl\u00c2NDIA, MG<\/span>\n\t\t<\/span>\n\t\t\t\t\t<\/a>\n\t\t<\/div>\n\t\t\t\t<\/div>\n\t\t\t\t<\/div>\n\t\t\t\t<div class=\"elementor-element elementor-element-28a9982 elementor-hidden-desktop elementor-hidden-tablet elementor-hidden-mobile elementor-arrows-position-inside elementor-pagination-position-outside elementor-widget elementor-widget-image-carousel\" data-id=\"28a9982\" data-element_type=\"widget\" data-settings=\"{&quot;slides_to_show&quot;:&quot;3&quot;,&quot;navigation&quot;:&quot;both&quot;,&quot;autoplay&quot;:&quot;yes&quot;,&quot;pause_on_hover&quot;:&quot;yes&quot;,&quot;pause_on_interaction&quot;:&quot;yes&quot;,&quot;autoplay_speed&quot;:5000,&quot;infinite&quot;:&quot;yes&quot;,&quot;speed&quot;:500}\" data-widget_type=\"image-carousel.default\">\n\t\t\t\t<div class=\"elementor-widget-container\">\n\t\t\t\t\t<div class=\"elementor-image-carousel-wrapper swiper-container\" dir=\"ltr\">\n\t\t\t<div class=\"elementor-image-carousel swiper-wrapper\">\n\t\t\t\t\t\t\t\t<div class=\"swiper-slide\"><figure class=\"swiper-slide-inner\"><img decoding=\"async\" class=\"swiper-slide-image\" src=\"https:\/\/crustacea.org.br\/wp-content\/uploads\/2020\/08\/x-cbc-logo.png\" alt=\"x-cbc logo\" \/><\/figure><\/div><div class=\"swiper-slide\"><figure class=\"swiper-slide-inner\"><img decoding=\"async\" class=\"swiper-slide-image\" src=\"https:\/\/crustacea.org.br\/wp-content\/uploads\/2020\/08\/Image-1.png\" alt=\"Image 1\" \/><\/figure><\/div><div class=\"swiper-slide\"><figure class=\"swiper-slide-inner\"><img decoding=\"async\" class=\"swiper-slide-image\" src=\"https:\/\/crustacea.org.br\/wp-content\/uploads\/2020\/08\/Image-2.png\" alt=\"Image 2\" \/><\/figure><\/div><div class=\"swiper-slide\"><figure class=\"swiper-slide-inner\"><img decoding=\"async\" class=\"swiper-slide-image\" src=\"https:\/\/crustacea.org.br\/wp-content\/uploads\/2020\/08\/IMG_9028.png\" alt=\"IMG_9028\" \/><\/figure><\/div><div class=\"swiper-slide\"><figure class=\"swiper-slide-inner\"><img decoding=\"async\" class=\"swiper-slide-image\" src=\"https:\/\/crustacea.org.br\/wp-content\/uploads\/2020\/08\/IMG_9055.png\" alt=\"IMG_9055\" \/><\/figure><\/div><div class=\"swiper-slide\"><figure class=\"swiper-slide-inner\"><img decoding=\"async\" class=\"swiper-slide-image\" src=\"https:\/\/crustacea.org.br\/wp-content\/uploads\/2020\/08\/IMG_9483.png\" alt=\"IMG_9483\" \/><\/figure><\/div><div class=\"swiper-slide\"><figure class=\"swiper-slide-inner\"><img decoding=\"async\" class=\"swiper-slide-image\" src=\"https:\/\/crustacea.org.br\/wp-content\/uploads\/2020\/08\/IMG_9585.png\" alt=\"IMG_9585\" \/><\/figure><\/div><div class=\"swiper-slide\"><figure class=\"swiper-slide-inner\"><img decoding=\"async\" class=\"swiper-slide-image\" src=\"https:\/\/crustacea.org.br\/wp-content\/uploads\/2020\/08\/IMG_9591.png\" alt=\"IMG_9591\" \/><\/figure><\/div><div class=\"swiper-slide\"><figure class=\"swiper-slide-inner\"><img decoding=\"async\" class=\"swiper-slide-image\" src=\"https:\/\/crustacea.org.br\/wp-content\/uploads\/2020\/08\/IMG_9597.png\" alt=\"IMG_9597\" \/><\/figure><\/div><div class=\"swiper-slide\"><figure class=\"swiper-slide-inner\"><img decoding=\"async\" class=\"swiper-slide-image\" src=\"https:\/\/crustacea.org.br\/wp-content\/uploads\/2020\/08\/IMG_9904.png\" alt=\"IMG_9904\" \/><\/figure><\/div>\t\t\t<\/div>\n\t\t\t\t\t\t\t\t\t\t\t\t<div class=\"swiper-pagination\"><\/div>\n\t\t\t\t\t\t\t\t\t\t\t\t\t<div class=\"elementor-swiper-button elementor-swiper-button-prev\">\n\t\t\t\t\t\t<i aria-hidden=\"true\" class=\"eicon-chevron-left\"><\/i>\t\t\t\t\t\t<span class=\"elementor-screen-only\">Anterior<\/span>\n\t\t\t\t\t<\/div>\n\t\t\t\t\t<div class=\"elementor-swiper-button elementor-swiper-button-next\">\n\t\t\t\t\t\t<i aria-hidden=\"true\" class=\"eicon-chevron-right\"><\/i>\t\t\t\t\t\t<span class=\"elementor-screen-only\">Pr\u00f3ximo<\/span>\n\t\t\t\t\t<\/div>\n\t\t\t\t\t\t\t\t\t<\/div>\n\t\t\t\t<\/div>\n\t\t\t\t<\/div>\n\t\t\t\t\t\t<\/div>\n\t\t\t\t\t<\/div>\n\t\t<\/div>\n\t\t\t\t\t\t\t\t<\/div>\n\t\t\t\t\t<\/div>\n\t\t<\/section>\n\t\t\t\t<section class=\"elementor-section elementor-inner-section elementor-element elementor-element-82b3625 elementor-hidden-tablet elementor-hidden-mobile elementor-section-boxed elementor-section-height-default elementor-section-height-default\" data-id=\"82b3625\" data-element_type=\"section\">\n\t\t\t\t\t\t<div class=\"elementor-container elementor-column-gap-default\">\n\t\t\t\t\t\t\t<div class=\"elementor-row\">\n\t\t\t\t\t<div class=\"elementor-column elementor-col-100 elementor-inner-column elementor-element elementor-element-6a7b4e4\" data-id=\"6a7b4e4\" data-element_type=\"column\">\n\t\t\t<div class=\"elementor-column-wrap elementor-element-populated\">\n\t\t\t\t\t\t\t<div class=\"elementor-widget-wrap\">\n\t\t\t\t\t\t<div class=\"elementor-element elementor-element-b8e213e elementor-widget elementor-widget-text-editor\" data-id=\"b8e213e\" data-element_type=\"widget\" data-widget_type=\"text-editor.default\">\n\t\t\t\t<div class=\"elementor-widget-container\">\n\t\t\t\t\t\t\t\t<div class=\"elementor-text-editor elementor-clearfix\">\n\t\t\t\t<h3>1\u00ba COMUNICADO OFICIAL<\/h3><div><b>Prezados S\u00f3cios,<\/b><\/div><div><div>\u00a0<\/div><div>\u00c9 com grande satisfa\u00e7\u00e3o que a SBC, <b>Sociedade Brasileira de Carcinologia<\/b>, e a <b>Comiss\u00e3o Organizadora do XII CBC<\/b> anunciam que o pr\u00f3ximo Congresso Brasileiro sobre Crust\u00e1ceos ser\u00e1 realizado de <b>4 a 7 de novembro de 2024<\/b> na\u00a0<b>Universidade Federal de Uberl\u00e2ndia, em Uberl\u00e2ndia &#8211; MG<\/b><span style=\"font-weight: var( --e-global-typography-text-font-weight );\">.<\/span><\/div><div>\u00a0<\/div><div>Devido aos elevados custos em Belo Horizonte, a organiza\u00e7\u00e3o decidiu mudar\u00a0<span style=\"font-weight: var( --e-global-typography-text-font-weight );\">a localiza\u00e7\u00e3o do evento para Uberl\u00e2ndia\/MG. A Universidade Federal de Uberl\u00e2ndia\u00a0<\/span><span style=\"font-weight: var( --e-global-typography-text-font-weight );\">nos ofereceu uma \u00f3tima oportunidade de baixo custo e infraestrutura promissora\u00a0<\/span><span style=\"font-weight: var( --e-global-typography-text-font-weight );\">para realizarmos o congresso e, por isso, tomamos a decis\u00e3o de mudar o local do\u00a0<\/span><span style=\"font-weight: var( --e-global-typography-text-font-weight );\">evento.<\/span><\/div><div>\u00a0<\/div><div>H\u00e1 muitas vantagens em fazer o Congresso em Uberl\u00e2ndia, com destaque\u00a0<span style=\"font-weight: var( --e-global-typography-text-font-weight );\">para o ambiente acolhedor e agrad\u00e1vel da cidade, bem como as diversas atra\u00e7\u00f5es\u00a0<\/span><span style=\"font-weight: var( --e-global-typography-text-font-weight );\">tur\u00edsticas e culturais dispon\u00edveis nos dias do Congresso. Localizada na regi\u00e3o do\u00a0<\/span><span style=\"font-weight: var( --e-global-typography-text-font-weight );\">Tri\u00e2ngulo Mineiro, em pleno Cerrado, Uberl\u00e2ndia \u00e9 o segundo munic\u00edpio mais\u00a0<\/span><span style=\"font-weight: var( --e-global-typography-text-font-weight );\">populoso de Minas, com cerca de 710 mil habitantes. Encontra-se em uma regi\u00e3o\u00a0<\/span><span style=\"font-weight: var( --e-global-typography-text-font-weight );\">rica em bacias hidrogr\u00e1ficas, com v\u00e1rios c\u00f3rregos, cachoeiras e rios de m\u00e9dio porte,\u00a0<\/span><span style=\"font-weight: var( --e-global-typography-text-font-weight );\">como o Tijuco e o Araguari, dois dos principais afluentes do rio Parana\u00edba.\u00a0<\/span><span style=\"font-weight: var( --e-global-typography-text-font-weight );\">Entre os destinos que j\u00e1 t\u00eam voos diretos saindo de Uberl\u00e2ndia, est\u00e3o\u00a0<\/span><span style=\"font-weight: var( --e-global-typography-text-font-weight );\">Campinas (SP), S\u00e3o Paulo, Bras\u00edlia (DF), Belo Horizonte, Recife (PE) e Porto\u00a0<\/span><span style=\"font-weight: var( --e-global-typography-text-font-weight );\">Seguro (BA). Al\u00e9m da Gol e da Latam, o Aeroporto de Uberl\u00e2ndia tamb\u00e9m conta\u00a0<\/span><span style=\"font-weight: var( --e-global-typography-text-font-weight );\">com opera\u00e7\u00f5es da Azul.<\/span><\/div><div>\u00a0<\/div><div>A Universidade Federal de Uberl\u00e2ndia \u00e9 um local ideal para realizar um\u00a0<span style=\"font-weight: var( --e-global-typography-text-font-weight );\">evento pela sua localiza\u00e7\u00e3o estrat\u00e9gica, excelente estrutura f\u00edsica, tecnol\u00f3gica e de\u00a0<\/span><span style=\"font-weight: var( --e-global-typography-text-font-weight );\">servi\u00e7os, tudo isso a custos mais acess\u00edveis.<\/span><\/div><div>\u00a0<\/div><div>Al\u00e9m das sess\u00f5es cient\u00edficas, o Congresso contar\u00e1 com atividades sociais,\u00a0<span style=\"font-weight: var( --e-global-typography-text-font-weight );\">como um coquetel de abertura, a nossa tradicional Festa \u00e0 Fantasia e o jantar de\u00a0<\/span><span style=\"font-weight: var( --e-global-typography-text-font-weight );\">encerramento. Uberl\u00e2ndia tamb\u00e9m oferece excelentes op\u00e7\u00f5es gastron\u00f4micas e\u00a0<\/span><span style=\"font-weight: var( --e-global-typography-text-font-weight );\">hot\u00e9is para todos os or\u00e7amentos.<\/span><\/div><div>\u00a0<\/div><div>No XII CBC teremos a oportunidade de trocar conhecimentos cient\u00edficos,\u00a0<span style=\"font-weight: var( --e-global-typography-text-font-weight );\">discutir novas t\u00e9cnicas e desenvolvimentos em crust\u00e1ceos, estabelecer redes de\u00a0<\/span><span style=\"font-weight: var( --e-global-typography-text-font-weight );\">contatos nacionais e internacionais. Al\u00e9m disso, estaremos novamente sentados\u00a0<\/span><span style=\"font-weight: var( --e-global-typography-text-font-weight );\">lado a lado trocando ideias e batendo aquele papo gostoso e amigo que todos<\/span><\/div><div>sentimos falta.<\/div><div>\u00a0<\/div><div>Convidamos e incentivamos todos os nossos membros a participar deste\u00a0<span style=\"font-weight: var( --e-global-typography-text-font-weight );\">Congresso que novamente poder\u00e1 ser presencial ap\u00f3s um per\u00edodo conturbado e\u00a0<\/span><span style=\"font-weight: var( --e-global-typography-text-font-weight );\">triste de pandemia.<\/span><\/div><div>\u00a0<\/div><div>Fiquem atentos aos pr\u00f3ximos an\u00fancios com mais informa\u00e7\u00f5es e novidades\u00a0<span style=\"font-weight: var( --e-global-typography-text-font-weight );\">sobre o Congresso.<\/span><\/div><div>\u00a0<\/div><div><b>Atenciosamente,<\/b><\/div><div><b>Comiss\u00e3o Organizadora do XII CBC e Diretoria da SBC<\/b><\/div><\/div><div>\u00a0<\/div>\t\t\t\t\t<\/div>\n\t\t\t\t\t\t<\/div>\n\t\t\t\t<\/div>\n\t\t\t\t\t\t<\/div>\n\t\t\t\t\t<\/div>\n\t\t<\/div>\n\t\t\t\t\t\t\t\t<\/div>\n\t\t\t\t\t<\/div>\n\t\t<\/section>\n\t\t\t\t\t\t<\/div>\n\t\t\t\t\t<\/div>\n\t\t<\/div>\n\t\t\t\t\t\t\t\t<\/div>\n\t\t\t\t\t<\/div>\n\t\t<\/section>\n\t\t\t\t<section class=\"elementor-section elementor-top-section elementor-element elementor-element-c6fb4ca elementor-section-boxed elementor-section-height-default elementor-section-height-default\" data-id=\"c6fb4ca\" data-element_type=\"section\">\n\t\t\t\t\t\t<div class=\"elementor-container elementor-column-gap-default\">\n\t\t\t\t\t\t\t<div class=\"elementor-row\">\n\t\t\t\t\t<div class=\"elementor-column elementor-col-100 elementor-top-column elementor-element elementor-element-e6ebb18\" data-id=\"e6ebb18\" data-element_type=\"column\">\n\t\t\t<div class=\"elementor-column-wrap elementor-element-populated\">\n\t\t\t\t\t\t\t<div class=\"elementor-widget-wrap\">\n\t\t\t\t\t\t<div class=\"elementor-element elementor-element-522ed85 elementor-align-center elementor-widget elementor-widget-button\" data-id=\"522ed85\" data-element_type=\"widget\" data-widget_type=\"button.default\">\n\t\t\t\t<div class=\"elementor-widget-container\">\n\t\t\t\t\t<div class=\"elementor-button-wrapper\">\n\t\t\t<a href=\"https:\/\/crustacea.org.br\/pt\/society\/events\/\" class=\"elementor-button-link elementor-button elementor-size-md elementor-animation-grow\" role=\"button\">\n\t\t\t\t\t\t<span class=\"elementor-button-content-wrapper\">\n\t\t\t\t\t\t<span class=\"elementor-button-icon elementor-align-icon-right\">\n\t\t\t\t<i aria-hidden=\"true\" class=\"fas fa-long-arrow-alt-right\"><\/i>\t\t\t<\/span>\n\t\t\t\t\t\t<span class=\"elementor-button-text\">TODOS CONGRESSOS<\/span>\n\t\t<\/span>\n\t\t\t\t\t<\/a>\n\t\t<\/div>\n\t\t\t\t<\/div>\n\t\t\t\t<\/div>\n\t\t\t\t\t\t<\/div>\n\t\t\t\t\t<\/div>\n\t\t<\/div>\n\t\t\t\t\t\t\t\t<\/div>\n\t\t\t\t\t<\/div>\n\t\t<\/section>\n\t\t\t\t\t\t<\/div>\n\t\t\t\t\t\t<\/div>\n\t\t\t\t\t<\/div>","protected":false},"excerpt":{"rendered":"<p>XII CBC 4 a 7 de novembro de 2024 \u2013 UBERl\u00c2NDIA, MG Previous Next 1\u00ba COMUNICADO OFICIAL Prezados S\u00f3cios,\u00a0\u00c9 com grande satisfa\u00e7\u00e3o que a SBC, Sociedade Brasileira de Carcinologia, e a Comiss\u00e3o Organizadora do XII CBC anunciam que o pr\u00f3ximo Congresso Brasileiro sobre Crust\u00e1ceos ser\u00e1 realizado de 4 a 7 de novembro de 2024 na\u00a0Universidade [&hellip;]<\/p>","protected":false},"author":3,"featured_media":0,"parent":678,"menu_order":0,"comment_status":"closed","ping_status":"closed","template":"elementor_canvas","meta":{"_monsterinsights_skip_tracking":false,"_monsterinsights_sitenote_active":false,"_monsterinsights_sitenote_note":"","_monsterinsights_sitenote_category":0,"footnotes":""},"class_list":["post-6081","page","type-page","status-publish","hentry","entry"],"_links":{"self":[{"href":"https:\/\/crustacea.org.br\/pt\/wp-json\/wp\/v2\/pages\/6081","targetHints":{"allow":["GET"]}}],"collection":[{"href":"https:\/\/crustacea.org.br\/pt\/wp-json\/wp\/v2\/pages"}],"about":[{"href":"https:\/\/crustacea.org.br\/pt\/wp-json\/wp\/v2\/types\/page"}],"author":[{"embeddable":true,"href":"https:\/\/crustacea.org.br\/pt\/wp-json\/wp\/v2\/users\/3"}],"replies":[{"embeddable":true,"href":"https:\/\/crustacea.org.br\/pt\/wp-json\/wp\/v2\/comments?post=6081"}],"version-history":[{"count":10,"href":"https:\/\/crustacea.org.br\/pt\/wp-json\/wp\/v2\/pages\/6081\/revisions"}],"predecessor-version":[{"id":6180,"href":"https:\/\/crustacea.org.br\/pt\/wp-json\/wp\/v2\/pages\/6081\/revisions\/6180"}],"up":[{"embeddable":true,"href":"https:\/\/crustacea.org.br\/pt\/wp-json\/wp\/v2\/pages\/678"}],"wp:attachment":[{"href":"https:\/\/crustacea.org.br\/pt\/wp-json\/wp\/v2\/media?parent=6081"}],"curies":[{"name":"wp","href":"https:\/\/api.w.org\/{rel}","templated":true}]}}