{"id":674,"date":"2020-07-06T21:30:39","date_gmt":"2020-07-06T21:30:39","guid":{"rendered":"http:\/\/crustacea.org.br\/?page_id=674"},"modified":"2020-08-08T06:53:00","modified_gmt":"2020-08-08T06:53:00","slug":"society","status":"publish","type":"page","link":"https:\/\/crustacea.org.br\/pt\/society\/","title":{"rendered":"Sociedade"},"content":{"rendered":"<div data-elementor-type=\"wp-page\" data-elementor-id=\"674\" class=\"elementor elementor-674\" data-elementor-settings=\"[]\">\n\t\t\t\t\t\t<div class=\"elementor-inner\">\n\t\t\t\t\t\t\t<div class=\"elementor-section-wrap\">\n\t\t\t\t\t\t\t<section class=\"elementor-section elementor-top-section elementor-element elementor-element-3f0adbed elementor-section-content-middle elementor-section-boxed elementor-section-height-default elementor-section-height-default\" data-id=\"3f0adbed\" data-element_type=\"section\" data-settings=\"{&quot;background_background&quot;:&quot;classic&quot;}\">\n\t\t\t\t\t\t<div class=\"elementor-container elementor-column-gap-wide\">\n\t\t\t\t\t\t\t<div class=\"elementor-row\">\n\t\t\t\t\t<div class=\"elementor-column elementor-col-100 elementor-top-column elementor-element elementor-element-188430b1\" data-id=\"188430b1\" data-element_type=\"column\">\n\t\t\t<div class=\"elementor-column-wrap elementor-element-populated\">\n\t\t\t\t\t\t\t<div class=\"elementor-widget-wrap\">\n\t\t\t\t\t\t<section class=\"elementor-section elementor-inner-section elementor-element elementor-element-26bcf1e2 elementor-section-boxed elementor-section-height-default elementor-section-height-default elementor-invisible\" data-id=\"26bcf1e2\" data-element_type=\"section\" data-settings=\"{&quot;animation&quot;:&quot;fadeInUp&quot;}\">\n\t\t\t\t\t\t<div class=\"elementor-container elementor-column-gap-default\">\n\t\t\t\t\t\t\t<div class=\"elementor-row\">\n\t\t\t\t\t<div class=\"elementor-column elementor-col-100 elementor-inner-column elementor-element elementor-element-74296443\" data-id=\"74296443\" data-element_type=\"column\">\n\t\t\t<div class=\"elementor-column-wrap elementor-element-populated\">\n\t\t\t\t\t\t\t<div class=\"elementor-widget-wrap\">\n\t\t\t\t\t\t<div class=\"elementor-element elementor-element-2feb2e6b elementor-widget elementor-widget-heading\" data-id=\"2feb2e6b\" data-element_type=\"widget\" data-widget_type=\"heading.default\">\n\t\t\t\t<div class=\"elementor-widget-container\">\n\t\t\t<p class=\"elementor-heading-title elementor-size-default\">Sociedade<\/p>\t\t<\/div>\n\t\t\t\t<\/div>\n\t\t\t\t<div class=\"elementor-element elementor-element-7d98b13 elementor-widget elementor-widget-text-editor\" data-id=\"7d98b13\" data-element_type=\"widget\" data-widget_type=\"text-editor.default\">\n\t\t\t\t<div class=\"elementor-widget-container\">\n\t\t\t\t\t\t\t\t<div class=\"elementor-text-editor elementor-clearfix\">\n\t\t\t\t<p class=\"justify\">A SBC foi fundada em 10 de fevereiro de 1982, durante a\u00a0<b>IX Congresso Brasileiro de Zoologia\u00a0<\/b>, realizado no Instituto de Bioci\u00eancias da Universidade Federal do Rio Grande do Sul (UFRGS), Porto Alegre, RS, Brasil.<\/p>\t\t\t\t\t<\/div>\n\t\t\t\t\t\t<\/div>\n\t\t\t\t<\/div>\n\t\t\t\t<div class=\"elementor-element elementor-element-1333b26 elementor-widget elementor-widget-image\" data-id=\"1333b26\" data-element_type=\"widget\" data-widget_type=\"image.default\">\n\t\t\t\t<div class=\"elementor-widget-container\">\n\t\t\t\t\t\t\t\t<div class=\"elementor-image\">\n\t\t\t\t\t\t\t\t\t\t\t\t<img decoding=\"async\" src=\"http:\/\/crustacea.org.br\/wp-content\/uploads\/2020\/06\/rear-view-audience-conference-hall-seminar-meeting_41418-2958.jpg\" title=\"\" alt=\"\" \/>\t\t\t\t\t\t\t\t\t\t\t\t\t\t<\/div>\n\t\t\t\t\t\t<\/div>\n\t\t\t\t<\/div>\n\t\t\t\t<div class=\"elementor-element elementor-element-7f27e6b elementor-widget elementor-widget-text-editor\" data-id=\"7f27e6b\" data-element_type=\"widget\" data-widget_type=\"text-editor.default\">\n\t\t\t\t<div class=\"elementor-widget-container\">\n\t\t\t\t\t\t\t\t<div class=\"elementor-text-editor elementor-clearfix\">\n\t\t\t\t<p class=\"justify\">O primeiro estatuto da Sociedade foi aprovado em assembl\u00e9ia realizada durante reuni\u00e3o de carcinologistas, em 2 de fevereiro de 1983, em Belo Horizonte, Minas Gerais. Desde ent\u00e3o, a SBC est\u00e1 sob a dire\u00e7\u00e3o de carcinologistas brasileiros de destaque, incluindo o Dr. C. Godfrey Genofre (que presidiu a primeira sociedade em 1982, em S\u00e3o Paulo), o Dr. Ludwig Buckup (RS), o Dr. Jayme de Loyola e Silva (Paran\u00e1), Dr. Fernando D'Incao (RS), Dr. Sergio LS Bueno (S\u00e3o Paulo), Dr. Fernando LM Mantelatto (S\u00e3o Paulo), Dra. Maria Lucia Negreiros Fransozo (S\u00e3o Paulo) e Dra. Paula Beatriz Araujo (Porto Alegre). Atualmente, a SBC \u00e9 presidida pelo Dr. S\u00e9rgio Schwarz da Rocha (UFRB, Cruz das Almas, BA).<\/p>\t\t\t\t\t<\/div>\n\t\t\t\t\t\t<\/div>\n\t\t\t\t<\/div>\n\t\t\t\t<div class=\"elementor-element elementor-element-10b96a3 elementor-widget elementor-widget-accordion\" data-id=\"10b96a3\" data-element_type=\"widget\" data-widget_type=\"accordion.default\">\n\t\t\t\t<div class=\"elementor-widget-container\">\n\t\t\t\t\t<div class=\"elementor-accordion\" role=\"tablist\">\n\t\t\t\t\t\t\t<div class=\"elementor-accordion-item\">\n\t\t\t\t\t<div id=\"elementor-tab-title-1751\" class=\"elementor-tab-title\" data-tab=\"1\" role=\"tab\" aria-controls=\"elementor-tab-content-1751\" aria-expanded=\"false\">\n\t\t\t\t\t\t\t\t\t\t\t\t\t<span class=\"elementor-accordion-icon elementor-accordion-icon-left\" aria-hidden=\"true\">\n\t\t\t\t\t\t\t\t\t\t\t\t\t\t\t<span class=\"elementor-accordion-icon-closed\"><i class=\"fas fa-plus\"><\/i><\/span>\n\t\t\t\t\t\t\t\t<span class=\"elementor-accordion-icon-opened\"><i class=\"fas fa-minus\"><\/i><\/span>\n\t\t\t\t\t\t\t\t\t\t\t\t\t\t<\/span>\n\t\t\t\t\t\t\t\t\t\t\t\t<a class=\"elementor-accordion-title\" href=\"\">O estatuto atual estabelece os seguintes objetivos para a Sociedade:<\/a>\n\t\t\t\t\t<\/div>\n\t\t\t\t\t<div id=\"elementor-tab-content-1751\" class=\"elementor-tab-content elementor-clearfix\" data-tab=\"1\" role=\"tabpanel\" aria-labelledby=\"elementor-tab-title-1751\"><p>\u2022 Reunir pessoas interessadas no desenvolvimento de pesquisas sobre crust\u00e1ceos;<\/p>\n<p>\u2022 Estimular a pesquisa cient\u00edfica na \u00e1rea de crust\u00e1ceos;<\/p>\n<p>\u2022 Promover estudos da fauna de crust\u00e1ceos nacionais;<\/p>\n<p>\u2022 Representar a comunidade de carcinologistas brasileiros em \u00e2mbito nacional e internacional;<\/p>\n<p>\u2022 Promover e implementar reuni\u00f5es regionais e nacionais;<\/p>\n<p>\u2022 Fomentar a troca de informa\u00e7\u00f5es sobre o andamento da pesquisa carcinol\u00f3gica no Brasil.<\/p><\/div>\n\t\t\t\t<\/div>\n\t\t\t\t\t\t\t\t<\/div>\n\t\t\t\t<\/div>\n\t\t\t\t<\/div>\n\t\t\t\t\t\t<\/div>\n\t\t\t\t\t<\/div>\n\t\t<\/div>\n\t\t\t\t\t\t\t\t<\/div>\n\t\t\t\t\t<\/div>\n\t\t<\/section>\n\t\t\t\t\t\t<\/div>\n\t\t\t\t\t<\/div>\n\t\t<\/div>\n\t\t\t\t\t\t\t\t<\/div>\n\t\t\t\t\t<\/div>\n\t\t<\/section>\n\t\t\t\t\t\t<\/div>\n\t\t\t\t\t\t<\/div>\n\t\t\t\t\t<\/div>","protected":false},"excerpt":{"rendered":"<p>Society The SBC was founded on February 10th, 1982, during the\u00a0IX Brazilian Congress of Zoology\u00a0, held at the Biosciences Institute, Federal University of Rio Grande do Sul (UFRGS), Porto Alegre, Rio Grande do Sul, Brazil. The first statute of the Society was approved at an assembly held during the meeting of carcinologists, on February 2nd, [&hellip;]<\/p>","protected":false},"author":1,"featured_media":0,"parent":0,"menu_order":0,"comment_status":"closed","ping_status":"closed","template":"elementor_header_footer","meta":{"_monsterinsights_skip_tracking":false,"_monsterinsights_sitenote_active":false,"_monsterinsights_sitenote_note":"","_monsterinsights_sitenote_category":0,"footnotes":""},"class_list":["post-674","page","type-page","status-publish","hentry","entry"],"_links":{"self":[{"href":"https:\/\/crustacea.org.br\/pt\/wp-json\/wp\/v2\/pages\/674","targetHints":{"allow":["GET"]}}],"collection":[{"href":"https:\/\/crustacea.org.br\/pt\/wp-json\/wp\/v2\/pages"}],"about":[{"href":"https:\/\/crustacea.org.br\/pt\/wp-json\/wp\/v2\/types\/page"}],"author":[{"embeddable":true,"href":"https:\/\/crustacea.org.br\/pt\/wp-json\/wp\/v2\/users\/1"}],"replies":[{"embeddable":true,"href":"https:\/\/crustacea.org.br\/pt\/wp-json\/wp\/v2\/comments?post=674"}],"version-history":[{"count":6,"href":"https:\/\/crustacea.org.br\/pt\/wp-json\/wp\/v2\/pages\/674\/revisions"}],"predecessor-version":[{"id":4542,"href":"https:\/\/crustacea.org.br\/pt\/wp-json\/wp\/v2\/pages\/674\/revisions\/4542"}],"wp:attachment":[{"href":"https:\/\/crustacea.org.br\/pt\/wp-json\/wp\/v2\/media?parent=674"}],"curies":[{"name":"wp","href":"https:\/\/api.w.org\/{rel}","templated":true}]}}