{"id":823,"date":"2020-07-08T19:34:20","date_gmt":"2020-07-08T19:34:20","guid":{"rendered":"http:\/\/crustacea.org.br\/?page_id=823"},"modified":"2023-06-26T21:48:27","modified_gmt":"2023-06-26T21:48:27","slug":"viii-cbc","status":"publish","type":"page","link":"https:\/\/crustacea.org.br\/pt\/society\/events\/viii-cbc\/","title":{"rendered":"VIII CBC"},"content":{"rendered":"<div data-elementor-type=\"wp-page\" data-elementor-id=\"823\" class=\"elementor elementor-823\" data-elementor-settings=\"[]\">\n\t\t\t\t\t\t<div class=\"elementor-inner\">\n\t\t\t\t\t\t\t<div class=\"elementor-section-wrap\">\n\t\t\t\t\t\t\t<section class=\"elementor-section elementor-top-section elementor-element elementor-element-3f0adbed elementor-section-content-middle elementor-section-boxed elementor-section-height-default elementor-section-height-default\" data-id=\"3f0adbed\" data-element_type=\"section\" data-settings=\"{&quot;background_background&quot;:&quot;classic&quot;}\">\n\t\t\t\t\t\t<div class=\"elementor-container elementor-column-gap-wide\">\n\t\t\t\t\t\t\t<div class=\"elementor-row\">\n\t\t\t\t\t<div class=\"elementor-column elementor-col-100 elementor-top-column elementor-element elementor-element-188430b1\" data-id=\"188430b1\" data-element_type=\"column\">\n\t\t\t<div class=\"elementor-column-wrap elementor-element-populated\">\n\t\t\t\t\t\t\t<div class=\"elementor-widget-wrap\">\n\t\t\t\t\t\t<section class=\"elementor-section elementor-inner-section elementor-element elementor-element-26bcf1e2 elementor-section-boxed elementor-section-height-default elementor-section-height-default elementor-invisible\" data-id=\"26bcf1e2\" data-element_type=\"section\" data-settings=\"{&quot;animation&quot;:&quot;fadeInUp&quot;}\">\n\t\t\t\t\t\t<div class=\"elementor-container elementor-column-gap-default\">\n\t\t\t\t\t\t\t<div class=\"elementor-row\">\n\t\t\t\t\t<div class=\"elementor-column elementor-col-100 elementor-inner-column elementor-element elementor-element-74296443\" data-id=\"74296443\" data-element_type=\"column\">\n\t\t\t<div class=\"elementor-column-wrap elementor-element-populated\">\n\t\t\t\t\t\t\t<div class=\"elementor-widget-wrap\">\n\t\t\t\t\t\t<div class=\"elementor-element elementor-element-2feb2e6b elementor-widget elementor-widget-heading\" data-id=\"2feb2e6b\" data-element_type=\"widget\" data-widget_type=\"heading.default\">\n\t\t\t\t<div class=\"elementor-widget-container\">\n\t\t\t<p class=\"elementor-heading-title elementor-size-default\">VIII CBC<\/p>\t\t<\/div>\n\t\t\t\t<\/div>\n\t\t\t\t<div class=\"elementor-element elementor-element-e03566f elementor-button-info elementor-align-center elementor-widget elementor-widget-button\" data-id=\"e03566f\" data-element_type=\"widget\" data-widget_type=\"button.default\">\n\t\t\t\t<div class=\"elementor-widget-container\">\n\t\t\t\t\t<div class=\"elementor-button-wrapper\">\n\t\t\t<a class=\"elementor-button elementor-size-sm\" role=\"button\">\n\t\t\t\t\t\t<span class=\"elementor-button-content-wrapper\">\n\t\t\t\t\t\t<span class=\"elementor-button-text\">09 a 12 de novembro de 2014 \u2013 Bonito Bonito, MS<\/span>\n\t\t<\/span>\n\t\t\t\t\t<\/a>\n\t\t<\/div>\n\t\t\t\t<\/div>\n\t\t\t\t<\/div>\n\t\t\t\t<div class=\"elementor-element elementor-element-28a9982 elementor-arrows-position-inside elementor-pagination-position-outside elementor-widget elementor-widget-image-carousel\" data-id=\"28a9982\" data-element_type=\"widget\" data-settings=\"{&quot;slides_to_show&quot;:&quot;3&quot;,&quot;navigation&quot;:&quot;both&quot;,&quot;autoplay&quot;:&quot;yes&quot;,&quot;pause_on_hover&quot;:&quot;yes&quot;,&quot;pause_on_interaction&quot;:&quot;yes&quot;,&quot;autoplay_speed&quot;:5000,&quot;infinite&quot;:&quot;yes&quot;,&quot;speed&quot;:500}\" data-widget_type=\"image-carousel.default\">\n\t\t\t\t<div class=\"elementor-widget-container\">\n\t\t\t\t\t<div class=\"elementor-image-carousel-wrapper swiper-container\" dir=\"ltr\">\n\t\t\t<div class=\"elementor-image-carousel swiper-wrapper\">\n\t\t\t\t\t\t\t\t<div class=\"swiper-slide\"><figure class=\"swiper-slide-inner\"><img decoding=\"async\" class=\"swiper-slide-image\" src=\"https:\/\/crustacea.org.br\/wp-content\/uploads\/2020\/07\/Congresso-Brasileiro-Sobre-Crusta\u0301ceos-VIII.jpg\" alt=\"VIII CBC - Logo Oficial\" \/><\/figure><\/div><div class=\"swiper-slide\"><figure class=\"swiper-slide-inner\"><img decoding=\"async\" class=\"swiper-slide-image\" src=\"https:\/\/crustacea.org.br\/wp-content\/uploads\/2020\/07\/Congresso-Brasileiro-Sobre-Crusta\u0301ceos-VIII-Recepcao-congressistas.jpg\" alt=\"Recep\u00e7\u00e3o\" \/><\/figure><\/div><div class=\"swiper-slide\"><figure class=\"swiper-slide-inner\"><img decoding=\"async\" class=\"swiper-slide-image\" src=\"https:\/\/crustacea.org.br\/wp-content\/uploads\/2020\/07\/Congresso-Brasileiro-Sobre-Crusta\u0301ceos-VIII-cerimonia-abertura.jpg\" alt=\"Abertura\" \/><\/figure><\/div><div class=\"swiper-slide\"><figure class=\"swiper-slide-inner\"><img decoding=\"async\" class=\"swiper-slide-image\" src=\"https:\/\/crustacea.org.br\/wp-content\/uploads\/2020\/07\/Congresso-Brasileiro-Sobre-Crusta\u0301ceos-VIII-conferencia.jpg\" alt=\"Palestra Dr. Richard Hartnoll\" \/><\/figure><\/div><div class=\"swiper-slide\"><figure class=\"swiper-slide-inner\"><img decoding=\"async\" class=\"swiper-slide-image\" src=\"https:\/\/crustacea.org.br\/wp-content\/uploads\/2020\/07\/Congresso-Brasileiro-Sobre-Crusta\u0301ceos-VIII-fotooficial.jpg\" alt=\"Foto Oficial\" \/><\/figure><\/div>\t\t\t<\/div>\n\t\t\t\t\t\t\t\t\t\t\t\t<div class=\"swiper-pagination\"><\/div>\n\t\t\t\t\t\t\t\t\t\t\t\t\t<div class=\"elementor-swiper-button elementor-swiper-button-prev\">\n\t\t\t\t\t\t<i aria-hidden=\"true\" class=\"eicon-chevron-left\"><\/i>\t\t\t\t\t\t<span class=\"elementor-screen-only\">Anterior<\/span>\n\t\t\t\t\t<\/div>\n\t\t\t\t\t<div class=\"elementor-swiper-button elementor-swiper-button-next\">\n\t\t\t\t\t\t<i aria-hidden=\"true\" class=\"eicon-chevron-right\"><\/i>\t\t\t\t\t\t<span class=\"elementor-screen-only\">Pr\u00f3ximo<\/span>\n\t\t\t\t\t<\/div>\n\t\t\t\t\t\t\t\t\t<\/div>\n\t\t\t\t<\/div>\n\t\t\t\t<\/div>\n\t\t\t\t\t\t<\/div>\n\t\t\t\t\t<\/div>\n\t\t<\/div>\n\t\t\t\t\t\t\t\t<\/div>\n\t\t\t\t\t<\/div>\n\t\t<\/section>\n\t\t\t\t<section class=\"elementor-section elementor-inner-section elementor-element elementor-element-82b3625 elementor-section-boxed elementor-section-height-default elementor-section-height-default\" data-id=\"82b3625\" data-element_type=\"section\">\n\t\t\t\t\t\t<div class=\"elementor-container elementor-column-gap-default\">\n\t\t\t\t\t\t\t<div class=\"elementor-row\">\n\t\t\t\t\t<div class=\"elementor-column elementor-col-50 elementor-inner-column elementor-element elementor-element-6a7b4e4\" data-id=\"6a7b4e4\" data-element_type=\"column\">\n\t\t\t<div class=\"elementor-column-wrap elementor-element-populated\">\n\t\t\t\t\t\t\t<div class=\"elementor-widget-wrap\">\n\t\t\t\t\t\t<div class=\"elementor-element elementor-element-9610def elementor-widget elementor-widget-text-editor\" data-id=\"9610def\" data-element_type=\"widget\" data-widget_type=\"text-editor.default\">\n\t\t\t\t<div class=\"elementor-widget-container\">\n\t\t\t\t\t\t\t\t<div class=\"elementor-text-editor elementor-clearfix\">\n\t\t\t\t<p><strong>Organizers<\/strong><br>Liliam de Arruda Hayd \u2013 President<br>Jelly Makoto Nakagaki \u2013 Vice President<\/p>\n<p><strong>Secretary<\/strong><br>Maria Ana Dionisio (UEMS)<br>Camila Aoki (UFMS)<\/p>\n<p><b>Finances<br><\/b>Jelly Makoto Nakagaki<\/p>\n<p><strong>Disclosure<\/strong><br>Alessandra Bueno (UFLA)<br>Klaus Anger (Alemanha)<br>Laura Greco (Argentina)<br>Luci Helena Zanata (UFMS)<br>Priscila Pompiani (UEMS)<br>Ricardo Calado (Portugal)<\/p>\n<p><b>Technical support<\/b><br>Fabyanne de Souza Passos (UEMS)<br>Jos\u00e9 Eduardo Costa de Freitas (UEMS)<br>Jucele de Freitas Castro (UEMS)<br>Mayqueli Lima Dorna (UEMS)<br>Mayara Pereira Soares (UEMS)<br>Thainara Batista da Silva (UEMS)<br>Romel Cuellar Mercadante Junior (UEMS)<br>Matheus Antunes de Oliveira (UEMS)<br>Larissa Souza Ronchesel Tagiarolli (UEMS)<br>Maria Helena da Silva (UFMS)<br>Joana Roxinsky Teodoro (UFMS)<br>Maike Peregrinelli Ledesma (UFMS)<br>Vanessa da Silva Chagas (UFMS)<\/p>\t\t\t\t\t<\/div>\n\t\t\t\t\t\t<\/div>\n\t\t\t\t<\/div>\n\t\t\t\t\t\t<\/div>\n\t\t\t\t\t<\/div>\n\t\t<\/div>\n\t\t\t\t<div class=\"elementor-column elementor-col-50 elementor-inner-column elementor-element elementor-element-eb987a2\" data-id=\"eb987a2\" data-element_type=\"column\">\n\t\t\t<div class=\"elementor-column-wrap elementor-element-populated\">\n\t\t\t\t\t\t\t<div class=\"elementor-widget-wrap\">\n\t\t\t\t\t\t<div class=\"elementor-element elementor-element-5ad4cc4 elementor-widget elementor-widget-text-editor\" data-id=\"5ad4cc4\" data-element_type=\"widget\" data-widget_type=\"text-editor.default\">\n\t\t\t\t<div class=\"elementor-widget-container\">\n\t\t\t\t\t\t\t\t<div class=\"elementor-text-editor elementor-clearfix\">\n\t\t\t\t<p><span style=\"font-weight: bolder;\">Scientific Comission<br><\/span>Ricardo Calado (CESAM \u2013 UA, Portugal)<\/p>\n<p><b>Scientific Commission Members<\/b><br>Alessandra Bueno (UFLA)<br>Amadeu Soares (UA, Portugal)<br>Camila Aoki (UFMS)<br>Cl\u00e9verson Rannieri Meira dos Santos (MPEG)<br>Cynthia de Barros Mansur (UEMS)<br>Fernando Luis Medina Mantellato (USP)<br>Gilmar Perbiche Neves (UNICENTRO \u2013 Guarapuava \u2013 Paran\u00e1)<br>In\u00eas Domingues (UEMS-UA)<br>Kennedy Francis Roche (UFMS)<br>Klaus Anger (Ap. BAH, Alemanha)<br>Laura Greco (FCEN, IBBEA, CONICET-UBA, Argentina)<br>Liliam Hayd (UEMS)<br>Luci Helena Zanata (UFMS)<br>M\u00f4nica Mungai Chacur (UEMS)<br>Paula Beatriz de Araujo, (UFRGS)<br>Priscila Pompiani (UEMS)<br>Ricardo Henrique Gentil Pereira (UFMS)<br>S\u00e9rgio Schwarz da Rocha (UFRB)<br>S\u00e9rgio Siqueira Bueno (USP)<br>Rog\u00e9rio Caetano Costa (UNESP)<br>Wagner Cotroni Valenti (CAUNESP)<br>William Marcos da Silva (UFMS)<\/p>\t\t\t\t\t<\/div>\n\t\t\t\t\t\t<\/div>\n\t\t\t\t<\/div>\n\t\t\t\t\t\t<\/div>\n\t\t\t\t\t<\/div>\n\t\t<\/div>\n\t\t\t\t\t\t\t\t<\/div>\n\t\t\t\t\t<\/div>\n\t\t<\/section>\n\t\t\t\t\t\t<\/div>\n\t\t\t\t\t<\/div>\n\t\t<\/div>\n\t\t\t\t\t\t\t\t<\/div>\n\t\t\t\t\t<\/div>\n\t\t<\/section>\n\t\t\t\t<section class=\"elementor-section elementor-top-section elementor-element elementor-element-c6fb4ca elementor-section-boxed elementor-section-height-default elementor-section-height-default\" data-id=\"c6fb4ca\" data-element_type=\"section\">\n\t\t\t\t\t\t<div class=\"elementor-container elementor-column-gap-default\">\n\t\t\t\t\t\t\t<div class=\"elementor-row\">\n\t\t\t\t\t<div class=\"elementor-column elementor-col-100 elementor-top-column elementor-element elementor-element-e6ebb18\" data-id=\"e6ebb18\" data-element_type=\"column\">\n\t\t\t<div class=\"elementor-column-wrap elementor-element-populated\">\n\t\t\t\t\t\t\t<div class=\"elementor-widget-wrap\">\n\t\t\t\t\t\t<div class=\"elementor-element elementor-element-e977361 elementor-align-center elementor-widget elementor-widget-button\" data-id=\"e977361\" data-element_type=\"widget\" data-widget_type=\"button.default\">\n\t\t\t\t<div class=\"elementor-widget-container\">\n\t\t\t\t\t<div class=\"elementor-button-wrapper\">\n\t\t\t<a href=\"https:\/\/crustacea.org.br\/pt\/society\/events\/\" class=\"elementor-button-link elementor-button elementor-size-md elementor-animation-grow\" role=\"button\">\n\t\t\t\t\t\t<span class=\"elementor-button-content-wrapper\">\n\t\t\t\t\t\t<span class=\"elementor-button-icon elementor-align-icon-right\">\n\t\t\t\t<i aria-hidden=\"true\" class=\"fas fa-long-arrow-alt-right\"><\/i>\t\t\t<\/span>\n\t\t\t\t\t\t<span class=\"elementor-button-text\">TODOS CONGRESSOS<\/span>\n\t\t<\/span>\n\t\t\t\t\t<\/a>\n\t\t<\/div>\n\t\t\t\t<\/div>\n\t\t\t\t<\/div>\n\t\t\t\t\t\t<\/div>\n\t\t\t\t\t<\/div>\n\t\t<\/div>\n\t\t\t\t\t\t\t\t<\/div>\n\t\t\t\t\t<\/div>\n\t\t<\/section>\n\t\t\t\t\t\t<\/div>\n\t\t\t\t\t\t<\/div>\n\t\t\t\t\t<\/div>","protected":false},"excerpt":{"rendered":"<p>VIII CBC 09 a 12 de novembro de 2014 \u2013 Bonito Bonito, MS Previous Next OrganizersLiliam de Arruda Hayd \u2013 PresidentJelly Makoto Nakagaki \u2013 Vice President SecretaryMaria Ana Dionisio (UEMS)Camila Aoki (UFMS) FinancesJelly Makoto Nakagaki DisclosureAlessandra Bueno (UFLA)Klaus Anger (Alemanha)Laura Greco (Argentina)Luci Helena Zanata (UFMS)Priscila Pompiani (UEMS)Ricardo Calado (Portugal) Technical supportFabyanne de Souza Passos (UEMS)Jos\u00e9 [&hellip;]<\/p>","protected":false},"author":1,"featured_media":0,"parent":678,"menu_order":0,"comment_status":"closed","ping_status":"closed","template":"elementor_canvas","meta":{"_monsterinsights_skip_tracking":false,"_monsterinsights_sitenote_active":false,"_monsterinsights_sitenote_note":"","_monsterinsights_sitenote_category":0,"footnotes":""},"class_list":["post-823","page","type-page","status-publish","hentry","entry"],"_links":{"self":[{"href":"https:\/\/crustacea.org.br\/pt\/wp-json\/wp\/v2\/pages\/823","targetHints":{"allow":["GET"]}}],"collection":[{"href":"https:\/\/crustacea.org.br\/pt\/wp-json\/wp\/v2\/pages"}],"about":[{"href":"https:\/\/crustacea.org.br\/pt\/wp-json\/wp\/v2\/types\/page"}],"author":[{"embeddable":true,"href":"https:\/\/crustacea.org.br\/pt\/wp-json\/wp\/v2\/users\/1"}],"replies":[{"embeddable":true,"href":"https:\/\/crustacea.org.br\/pt\/wp-json\/wp\/v2\/comments?post=823"}],"version-history":[{"count":24,"href":"https:\/\/crustacea.org.br\/pt\/wp-json\/wp\/v2\/pages\/823\/revisions"}],"predecessor-version":[{"id":6171,"href":"https:\/\/crustacea.org.br\/pt\/wp-json\/wp\/v2\/pages\/823\/revisions\/6171"}],"up":[{"embeddable":true,"href":"https:\/\/crustacea.org.br\/pt\/wp-json\/wp\/v2\/pages\/678"}],"wp:attachment":[{"href":"https:\/\/crustacea.org.br\/pt\/wp-json\/wp\/v2\/media?parent=823"}],"curies":[{"name":"wp","href":"https:\/\/api.w.org\/{rel}","templated":true}]}}