{"id":829,"date":"2020-07-08T19:49:30","date_gmt":"2020-07-08T19:49:30","guid":{"rendered":"http:\/\/crustacea.org.br\/?page_id=829"},"modified":"2022-05-20T01:14:51","modified_gmt":"2022-05-20T01:14:51","slug":"nauplius","status":"publish","type":"page","link":"https:\/\/crustacea.org.br\/pt\/production\/nauplius\/","title":{"rendered":"Nauplius"},"content":{"rendered":"<div data-elementor-type=\"wp-page\" data-elementor-id=\"829\" class=\"elementor elementor-829\" data-elementor-settings=\"[]\">\n\t\t\t\t\t\t<div class=\"elementor-inner\">\n\t\t\t\t\t\t\t<div class=\"elementor-section-wrap\">\n\t\t\t\t\t\t\t<section class=\"elementor-section elementor-top-section elementor-element elementor-element-3f0adbed elementor-section-content-middle elementor-section-boxed elementor-section-height-default elementor-section-height-default\" data-id=\"3f0adbed\" data-element_type=\"section\" data-settings=\"{&quot;background_background&quot;:&quot;classic&quot;}\">\n\t\t\t\t\t\t<div class=\"elementor-container elementor-column-gap-wide\">\n\t\t\t\t\t\t\t<div class=\"elementor-row\">\n\t\t\t\t\t<div class=\"elementor-column elementor-col-100 elementor-top-column elementor-element elementor-element-188430b1\" data-id=\"188430b1\" data-element_type=\"column\">\n\t\t\t<div class=\"elementor-column-wrap elementor-element-populated\">\n\t\t\t\t\t\t\t<div class=\"elementor-widget-wrap\">\n\t\t\t\t\t\t<div class=\"elementor-element elementor-element-9254089 elementor-widget elementor-widget-image\" data-id=\"9254089\" data-element_type=\"widget\" data-widget_type=\"image.default\">\n\t\t\t\t<div class=\"elementor-widget-container\">\n\t\t\t\t\t\t\t\t<div class=\"elementor-image\">\n\t\t\t\t\t\t\t\t\t\t\t\t<img loading=\"lazy\" decoding=\"async\" width=\"3300\" height=\"871\" src=\"https:\/\/crustacea.org.br\/wp-content\/uploads\/2021\/04\/capanauplius.png\" class=\"attachment-full size-full\" alt=\"\" srcset=\"https:\/\/crustacea.org.br\/wp-content\/uploads\/2021\/04\/capanauplius.png 3300w, https:\/\/crustacea.org.br\/wp-content\/uploads\/2021\/04\/capanauplius-300x79.png 300w, https:\/\/crustacea.org.br\/wp-content\/uploads\/2021\/04\/capanauplius-1024x270.png 1024w, https:\/\/crustacea.org.br\/wp-content\/uploads\/2021\/04\/capanauplius-768x203.png 768w, https:\/\/crustacea.org.br\/wp-content\/uploads\/2021\/04\/capanauplius-1536x405.png 1536w, https:\/\/crustacea.org.br\/wp-content\/uploads\/2021\/04\/capanauplius-2048x541.png 2048w, https:\/\/crustacea.org.br\/wp-content\/uploads\/2021\/04\/capanauplius-16x4.png 16w, https:\/\/crustacea.org.br\/wp-content\/uploads\/2021\/04\/capanauplius-1568x414.png 1568w\" sizes=\"auto, (max-width: 34.9rem) calc(100vw - 2rem), (max-width: 53rem) calc(8 * (100vw \/ 12)), (min-width: 53rem) calc(6 * (100vw \/ 12)), 100vw\" \/>\t\t\t\t\t\t\t\t\t\t\t\t\t\t<\/div>\n\t\t\t\t\t\t<\/div>\n\t\t\t\t<\/div>\n\t\t\t\t\t\t<\/div>\n\t\t\t\t\t<\/div>\n\t\t<\/div>\n\t\t\t\t\t\t\t\t<\/div>\n\t\t\t\t\t<\/div>\n\t\t<\/section>\n\t\t\t\t<section class=\"elementor-section elementor-top-section elementor-element elementor-element-87255e7 elementor-section-boxed elementor-section-height-default elementor-section-height-default\" data-id=\"87255e7\" data-element_type=\"section\">\n\t\t\t\t\t\t<div class=\"elementor-container elementor-column-gap-default\">\n\t\t\t\t\t\t\t<div class=\"elementor-row\">\n\t\t\t\t\t<div class=\"elementor-column elementor-col-25 elementor-top-column elementor-element elementor-element-4783678\" data-id=\"4783678\" data-element_type=\"column\">\n\t\t\t<div class=\"elementor-column-wrap elementor-element-populated\">\n\t\t\t\t\t\t\t<div class=\"elementor-widget-wrap\">\n\t\t\t\t\t\t<div class=\"elementor-element elementor-element-1ed8c95 elementor-align-center elementor-widget elementor-widget-button\" data-id=\"1ed8c95\" data-element_type=\"widget\" data-widget_type=\"button.default\">\n\t\t\t\t<div class=\"elementor-widget-container\">\n\t\t\t\t\t<div class=\"elementor-button-wrapper\">\n\t\t\t<a href=\"http:\/\/crustacea.org.br\/pt\/production\/nauplius\/nauplius-archive\/\" class=\"elementor-button-link elementor-button elementor-size-md elementor-animation-grow\" role=\"button\">\n\t\t\t\t\t\t<span class=\"elementor-button-content-wrapper\">\n\t\t\t\t\t\t<span class=\"elementor-button-icon elementor-align-icon-left\">\n\t\t\t\t<i aria-hidden=\"true\" class=\"fas fa-search\"><\/i>\t\t\t<\/span>\n\t\t\t\t\t\t<span class=\"elementor-button-text\">TODOS ARQUIVOS<\/span>\n\t\t<\/span>\n\t\t\t\t\t<\/a>\n\t\t<\/div>\n\t\t\t\t<\/div>\n\t\t\t\t<\/div>\n\t\t\t\t\t\t<\/div>\n\t\t\t\t\t<\/div>\n\t\t<\/div>\n\t\t\t\t<div class=\"elementor-column elementor-col-25 elementor-top-column elementor-element elementor-element-831dead\" data-id=\"831dead\" data-element_type=\"column\">\n\t\t\t<div class=\"elementor-column-wrap elementor-element-populated\">\n\t\t\t\t\t\t\t<div class=\"elementor-widget-wrap\">\n\t\t\t\t\t\t<div class=\"elementor-element elementor-element-f765868 elementor-align-center elementor-widget elementor-widget-button\" data-id=\"f765868\" data-element_type=\"widget\" data-widget_type=\"button.default\">\n\t\t\t\t<div class=\"elementor-widget-container\">\n\t\t\t\t\t<div class=\"elementor-button-wrapper\">\n\t\t\t<a href=\"http:\/\/crustacea.org.br\/pt\/production\/nauplius\/past-editors\/\" class=\"elementor-button-link elementor-button elementor-size-md elementor-animation-grow\" role=\"button\">\n\t\t\t\t\t\t<span class=\"elementor-button-content-wrapper\">\n\t\t\t\t\t\t<span class=\"elementor-button-icon elementor-align-icon-left\">\n\t\t\t\t<i aria-hidden=\"true\" class=\"fas fa-user\"><\/i>\t\t\t<\/span>\n\t\t\t\t\t\t<span class=\"elementor-button-text\">EDITORS (1993-2018)<\/span>\n\t\t<\/span>\n\t\t\t\t\t<\/a>\n\t\t<\/div>\n\t\t\t\t<\/div>\n\t\t\t\t<\/div>\n\t\t\t\t\t\t<\/div>\n\t\t\t\t\t<\/div>\n\t\t<\/div>\n\t\t\t\t<div class=\"elementor-column elementor-col-25 elementor-top-column elementor-element elementor-element-ad22d0d\" data-id=\"ad22d0d\" data-element_type=\"column\">\n\t\t\t<div class=\"elementor-column-wrap elementor-element-populated\">\n\t\t\t\t\t\t\t<div class=\"elementor-widget-wrap\">\n\t\t\t\t\t\t<div class=\"elementor-element elementor-element-ecbb293 elementor-align-center elementor-widget elementor-widget-button\" data-id=\"ecbb293\" data-element_type=\"widget\" data-widget_type=\"button.default\">\n\t\t\t\t<div class=\"elementor-widget-container\">\n\t\t\t\t\t<div class=\"elementor-button-wrapper\">\n\t\t\t<a href=\"https:\/\/www.scielo.br\/nau\" target=\"_blank\" class=\"elementor-button-link elementor-button elementor-size-md elementor-animation-grow\" role=\"button\">\n\t\t\t\t\t\t<span class=\"elementor-button-content-wrapper\">\n\t\t\t\t\t\t<span class=\"elementor-button-icon elementor-align-icon-left\">\n\t\t\t\t<i aria-hidden=\"true\" class=\"far fa-file\"><\/i>\t\t\t<\/span>\n\t\t\t\t\t\t<span class=\"elementor-button-text\">P\u00c1GINA SCIELO<\/span>\n\t\t<\/span>\n\t\t\t\t\t<\/a>\n\t\t<\/div>\n\t\t\t\t<\/div>\n\t\t\t\t<\/div>\n\t\t\t\t\t\t<\/div>\n\t\t\t\t\t<\/div>\n\t\t<\/div>\n\t\t\t\t<div class=\"elementor-column elementor-col-25 elementor-top-column elementor-element elementor-element-c7cb407\" data-id=\"c7cb407\" data-element_type=\"column\">\n\t\t\t<div class=\"elementor-column-wrap elementor-element-populated\">\n\t\t\t\t\t\t\t<div class=\"elementor-widget-wrap\">\n\t\t\t\t\t\t<div class=\"elementor-element elementor-element-8647e7d elementor-align-right elementor-widget elementor-widget-button\" data-id=\"8647e7d\" data-element_type=\"widget\" data-widget_type=\"button.default\">\n\t\t\t\t<div class=\"elementor-widget-container\">\n\t\t\t\t\t<div class=\"elementor-button-wrapper\">\n\t\t\t<a href=\"http:\/\/crustacea.org.br\/pt\/production\/nauplius\/instructions\/\" class=\"elementor-button-link elementor-button elementor-size-md elementor-animation-grow\" role=\"button\">\n\t\t\t\t\t\t<span class=\"elementor-button-content-wrapper\">\n\t\t\t\t\t\t<span class=\"elementor-button-icon elementor-align-icon-left\">\n\t\t\t\t<i aria-hidden=\"true\" class=\"far fa-file\"><\/i>\t\t\t<\/span>\n\t\t\t\t\t\t<span class=\"elementor-button-text\">INSTRUCTIONS<\/span>\n\t\t<\/span>\n\t\t\t\t\t<\/a>\n\t\t<\/div>\n\t\t\t\t<\/div>\n\t\t\t\t<\/div>\n\t\t\t\t\t\t<\/div>\n\t\t\t\t\t<\/div>\n\t\t<\/div>\n\t\t\t\t\t\t\t\t<\/div>\n\t\t\t\t\t<\/div>\n\t\t<\/section>\n\t\t\t\t<section class=\"elementor-section elementor-top-section elementor-element elementor-element-52df3ec elementor-section-boxed elementor-section-height-default elementor-section-height-default\" data-id=\"52df3ec\" data-element_type=\"section\">\n\t\t\t\t\t\t<div class=\"elementor-container elementor-column-gap-default\">\n\t\t\t\t\t\t\t<div class=\"elementor-row\">\n\t\t\t\t\t<div class=\"elementor-column elementor-col-50 elementor-top-column elementor-element elementor-element-6083646\" data-id=\"6083646\" data-element_type=\"column\">\n\t\t\t<div class=\"elementor-column-wrap elementor-element-populated\">\n\t\t\t\t\t\t\t<div class=\"elementor-widget-wrap\">\n\t\t\t\t\t\t<div class=\"elementor-element elementor-element-7e8fa90 elementor-widget elementor-widget-text-editor\" data-id=\"7e8fa90\" data-element_type=\"widget\" data-widget_type=\"text-editor.default\">\n\t\t\t\t<div class=\"elementor-widget-container\">\n\t\t\t\t\t\t\t\t<div class=\"elementor-text-editor elementor-clearfix\">\n\t\t\t\t<p><b>ISSN 2358-2936<\/b><\/p>\n<p><i>Nauplius<\/i>&nbsp;is an international journal published by the Brazilian Crustacean Society (SBC) without interruption since 1993. Since 2016, articles are published as they are accepted and are freely available on the journal\u2019s website. The costs of publication are fully covered by SBC. Nevertheless, authors other than society members are welcome to publish their research with us.<\/p>\n<p><em>Nauplius<\/em> covers all aspects of crustacean biology, including aquaculture, bioenergetics, biogeography, development, ecology, fishery, morphology, paleontology, physiology, phylogeny, and taxonomy. Papers are published in English only. All manuscripts published are peer-reviewed for content and presentation by at least two appropriate referees, editorial board and editor-in-chief. Submission of a manuscript implies that it has not been published before and that it is not under consideration for publication anywhere else. Additional instructions for authors on the SciELO page.<\/p>\n<p><strong>JCR Impact factor (2020): 0.610<\/strong><\/p>\n<p><strong>Editor-in-Chief<\/strong><br>Christopher Tudge (American University, Washington, D.C., USA)<\/p>\n<p><strong>Assistant editor<\/strong><br>T\u00e2nia Marcia Costa (Universidade Estadual Paulista, S\u00e3o Vicente, SP, Brazil)<br>Antonio Le\u00e3o Castilho (Universidade Estadual Paulista, Botucatu, SP, Brazil)<br>C\u00e9lio U. Magalh\u00e3es (Instituto Nacional de Pesquisas da Amaz\u00f4nia, Manaus, AM, Brazil)<\/p>\n<p><strong>Secretary<\/strong><br>J\u00e9ssica Colavite&nbsp;<\/p>\n<p><strong>Associate editors<\/strong><br>\u2022 Brenda Dotti (Facultad de Ciencias Exactas y Naturales, Buenos Aires, Argentina)<br>\u2022 Carola Becker (School of Biological Sciences, Queen&#8217;s University Marine Laboratory, Northern Ireland, UK)<br>\u2022 Christoph Held (Alfred Wegener Inst. Helmholtz Centre for Polar and Marine Research, Bremerhaven, Germany)<br>\u2022 Cristiana Serejo (Museu Nacional, Universidade Federal do Rio de Janeiro, Rio de Janeiro, RJ, Brazil)<br>\u2022 Diana M. P. Galassi (Universit\u00e0 degli Studi dell&#8217;Aquila, L&#8217;Aquila, Italy)<br>\u2022 F\u00e1bio Bettini Pitombo (Universidade Federal Fluminense, Niter\u00f3i, RJ, Brazil)<br>\u2022 Fernando L. Mantelatto (FFCLRP\/Universidade de S\u00e3o Paulo, Ribeir\u00e3o Preto, SP, Brazil)<br>\u2022 Ingo S. Wehrtmann (Universidad de Costa Rica, San Jose, Costa Rica)<br>\u2022 Jose A. Cuesta (Instituto de Ciencias Marinas de Andalucia &#8211; CSIC, Puerto Real, Cadiz, Spain)<br>\u2022 Kareen Schnabel (National Institute of Water &amp; Atmospheric Research Ltd, Wellington, New Zeland)<br>\u2022 Kristin Hultgren (Seattle University, Washington, USA)<br>\u2022 Lourdes Elmoor (Independent Research)<br>\u2022 Luis M. Pardo (Universidad Austral de Chile, Valdivia, Chile)<br>\u2022 Marcos D. S. Tavares (Museu de Zoologia, Universidade de S\u00e3o Paulo, S\u00e3o Paulo, SP, Brazil)<br>\u2022 Sandro Santos (Universidade Federal de Santa Maria, Santa Maria, RS, Brazil)<br>\u2022 Shane T. Ahyong (Marine Invertebrates, Australian Museum, Sydney, Australia)<br>\u2022 Spyros Sfenthourakis (University of Cyprus, Nicosia, Cyprus) \u2022<\/p>\n<p><strong>Editorial production<\/strong><br><strong>Revision<\/strong><br>Christopher Tudge, T\u00e2nia Marcia Costa, and C\u00e9lio Magalh\u00e3es<\/p>\t\t\t\t\t<\/div>\n\t\t\t\t\t\t<\/div>\n\t\t\t\t<\/div>\n\t\t\t\t\t\t<\/div>\n\t\t\t\t\t<\/div>\n\t\t<\/div>\n\t\t\t\t<div class=\"elementor-column elementor-col-50 elementor-top-column elementor-element elementor-element-9473b1a\" data-id=\"9473b1a\" data-element_type=\"column\">\n\t\t\t<div class=\"elementor-column-wrap elementor-element-populated\">\n\t\t\t\t\t\t\t<div class=\"elementor-widget-wrap\">\n\t\t\t\t\t\t<div class=\"elementor-element elementor-element-b6a7742 elementor-flip-box--effect-fade elementor-widget elementor-widget-flip-box\" data-id=\"b6a7742\" data-element_type=\"widget\" data-widget_type=\"flip-box.default\">\n\t\t\t\t<div class=\"elementor-widget-container\">\n\t\t\t\t\t<div class=\"elementor-flip-box\">\n\t\t\t<div class=\"elementor-flip-box__layer elementor-flip-box__front\">\n\t\t\t\t<div class=\"elementor-flip-box__layer__overlay\">\n\t\t\t\t\t<div class=\"elementor-flip-box__layer__inner\">\n\t\t\t\t\t\t\n\t\t\t\t\t\t\t\t\t\t\t\t\t<h3 class=\"elementor-flip-box__layer__title\">\n\t\t\t\t\t\t\t\tSUBMIT YOUR <br>MANUSCRIPT \t\t\t\t\t\t\t<\/h3>\n\t\t\t\t\t\t\n\t\t\t\t\t\t\t\t\t\t\t<\/div>\n\t\t\t\t<\/div>\n\t\t\t<\/div>\n\t\t\t<a class=\"elementor-flip-box__layer elementor-flip-box__back\" href=\"https:\/\/bit.ly\/3lCYO3j\" target=\"_blank\" rel=\"nofollow\">\n\t\t\t<div class=\"elementor-flip-box__layer__overlay\">\n\t\t\t\t<div class=\"elementor-flip-box__layer__inner\">\n\t\t\t\t\t\t\t\t\t\t\t<h3 class=\"elementor-flip-box__layer__title\">\n\t\t\t\t\t\t\tSUBMIT YOUR <br>MANUSCRIPT \t\t\t\t\t\t<\/h3>\n\t\t\t\t\t\n\t\t\t\t\t\n\t\t\t\t\t\t\t\t<\/div>\n\t\t<\/div>\n\t\t<\/a>\n\t\t<\/div>\n\t\t\t\t<\/div>\n\t\t\t\t<\/div>\n\t\t\t\t<div class=\"elementor-element elementor-element-552bfcd elementor-flip-box--effect-fade elementor-widget elementor-widget-flip-box\" data-id=\"552bfcd\" data-element_type=\"widget\" data-widget_type=\"flip-box.default\">\n\t\t\t\t<div class=\"elementor-widget-container\">\n\t\t\t\t\t<div class=\"elementor-flip-box\">\n\t\t\t<div class=\"elementor-flip-box__layer elementor-flip-box__front\">\n\t\t\t\t<div class=\"elementor-flip-box__layer__overlay\">\n\t\t\t\t\t<div class=\"elementor-flip-box__layer__inner\">\n\t\t\t\t\t\t\n\t\t\t\t\t\t\t\t\t\t\t\t\t<h3 class=\"elementor-flip-box__layer__title\">\n\t\t\t\t\t\t\t\tMAKE A <br>DONATION\t\t\t\t\t\t\t<\/h3>\n\t\t\t\t\t\t\n\t\t\t\t\t\t\t\t\t\t\t\t\t<div class=\"elementor-flip-box__layer__description\">\n\t\t\t\t\t\t\t\tHelp us keep this nonprofit scientific journal <br>free to authors and readers! \t\t\t\t\t\t\t<\/div>\n\t\t\t\t\t\t\t\t\t\t\t<\/div>\n\t\t\t\t<\/div>\n\t\t\t<\/div>\n\t\t\t<a class=\"elementor-flip-box__layer elementor-flip-box__back\" href=\"https:\/\/www.paypal.com\/donate\/?hosted_button_id=9QKPHLPSKHFRN\" target=\"_blank\" rel=\"nofollow\">\n\t\t\t<div class=\"elementor-flip-box__layer__overlay\">\n\t\t\t\t<div class=\"elementor-flip-box__layer__inner\">\n\t\t\t\t\t\t\t\t\t\t\t<h3 class=\"elementor-flip-box__layer__title\">\n\t\t\t\t\t\t\tMAKE A  <br>DONATION\t\t\t\t\t\t<\/h3>\n\t\t\t\t\t\n\t\t\t\t\t\t\t\t\t\t\t<div class=\"elementor-flip-box__layer__description\">\n\t\t\t\t\t\t\tHelp us keep this nonprofit scientific journal <br>free to authors and readers! \t\t\t\t\t\t<\/div>\n\t\t\t\t\t\n\t\t\t\t\t\t\t\t<\/div>\n\t\t<\/div>\n\t\t<\/a>\n\t\t<\/div>\n\t\t\t\t<\/div>\n\t\t\t\t<\/div>\n\t\t\t\t\t\t<\/div>\n\t\t\t\t\t<\/div>\n\t\t<\/div>\n\t\t\t\t\t\t\t\t<\/div>\n\t\t\t\t\t<\/div>\n\t\t<\/section>\n\t\t\t\t\t\t<\/div>\n\t\t\t\t\t\t<\/div>\n\t\t\t\t\t<\/div>","protected":false},"excerpt":{"rendered":"<p>BROWSE ALL FILES EDITORS (1993-2018) SCIELO PAGE INSTRUCTIONS ISSN 2358-2936 Nauplius&nbsp;is an international journal published by the Brazilian Crustacean Society (SBC) without interruption since 1993. Since 2016, articles are published as they are accepted and are freely available on the journal\u2019s website. The costs of publication are fully covered by SBC. Nevertheless, authors other than [&hellip;]<\/p>","protected":false},"author":1,"featured_media":0,"parent":4421,"menu_order":0,"comment_status":"closed","ping_status":"closed","template":"elementor_header_footer","meta":{"_monsterinsights_skip_tracking":false,"_monsterinsights_sitenote_active":false,"_monsterinsights_sitenote_note":"","_monsterinsights_sitenote_category":0,"footnotes":""},"class_list":["post-829","page","type-page","status-publish","hentry","entry"],"_links":{"self":[{"href":"https:\/\/crustacea.org.br\/pt\/wp-json\/wp\/v2\/pages\/829","targetHints":{"allow":["GET"]}}],"collection":[{"href":"https:\/\/crustacea.org.br\/pt\/wp-json\/wp\/v2\/pages"}],"about":[{"href":"https:\/\/crustacea.org.br\/pt\/wp-json\/wp\/v2\/types\/page"}],"author":[{"embeddable":true,"href":"https:\/\/crustacea.org.br\/pt\/wp-json\/wp\/v2\/users\/1"}],"replies":[{"embeddable":true,"href":"https:\/\/crustacea.org.br\/pt\/wp-json\/wp\/v2\/comments?post=829"}],"version-history":[{"count":133,"href":"https:\/\/crustacea.org.br\/pt\/wp-json\/wp\/v2\/pages\/829\/revisions"}],"predecessor-version":[{"id":5964,"href":"https:\/\/crustacea.org.br\/pt\/wp-json\/wp\/v2\/pages\/829\/revisions\/5964"}],"up":[{"embeddable":true,"href":"https:\/\/crustacea.org.br\/pt\/wp-json\/wp\/v2\/pages\/4421"}],"wp:attachment":[{"href":"https:\/\/crustacea.org.br\/pt\/wp-json\/wp\/v2\/media?parent=829"}],"curies":[{"name":"wp","href":"https:\/\/api.w.org\/{rel}","templated":true}]}}